{"id":83390,"date":"2020-03-19T12:11:55","date_gmt":"2020-03-19T10:11:55","guid":{"rendered":"https:\/\/www.kolibica.com\/product\/holzkisten-fuer-mikrokraeuter\/"},"modified":"2023-03-01T08:12:26","modified_gmt":"2023-03-01T06:12:26","slug":"holzkisten-fur-mikrokrauter","status":"publish","type":"product","link":"https:\/\/www.kolibica.com\/de\/produkt\/holzkisten-fur-mikrokrauter\/","title":{"rendered":"Holzkisten f\u00fcr Mikrokr\u00e4uter"},"content":{"rendered":"<p><strong>Holzkisten f\u00fcr Mikrokr\u00e4uter<\/strong> &#8211; Auf Bestellung fertigen wir auch Holzkisten aus geschnittenen Elementen mit einer Dicke von 6 bis 10 mm. Diese Kisten werden je nach Kundenwunsch aus <a href=\"https:\/\/www.kolibica.com\/de\/strukturelle-eigenschaften-und-verwendbarkeit-heimischer-holzarten\/\">Pappel<\/a>, <a href=\"https:\/\/www.kolibica.com\/de\/strukturelle-eigenschaften-und-verwendbarkeit-heimischer-holzarten\/\">Tanne<\/a>, <a href=\"https:\/\/www.kolibica.com\/de\/strukturelle-eigenschaften-und-verwendbarkeit-heimischer-holzarten\/\">Fichte<\/a>, Linde, <a href=\"https:\/\/www.kolibica.com\/de\/strukturelle-eigenschaften-und-verwendbarkeit-heimischer-holzarten\/\">Buche<\/a> oder jedem anderen Holz gefertigt.<\/p>\n<p>&nbsp;<\/p>\n<p>Der Preis f\u00fcr Holzkisten h\u00e4ngt von den Abmessungen der Kiste, dem Material, der Veredelung der Kisten (Lackieren, Lackieren, Bedrucken, Lasergravieren) und der Menge ab.<\/p>\n<p>.<\/p>\n<p>&nbsp;<\/p>\n","protected":false},"excerpt":{"rendered":"<p>Holzkisten f\u00fcr Mikrokr\u00e4uter &#8211; Auf Bestellung fertigen wir auch Holzkisten  [&#8230;]<\/p>\n","protected":false},"featured_media":76943,"template":"","meta":{"content-type":""},"product_brand":[],"product_cat":[128,127],"product_tag":[],"class_list":{"0":"post-83390","1":"product","2":"type-product","3":"status-publish","4":"has-post-thumbnail","6":"product_cat-holzkisten","7":"product_cat-verpackung-aus-holz","9":"first","10":"instock","11":"shipping-taxable","12":"purchasable","13":"product-type-simple"},"aioseo_notices":[],"_links":{"self":[{"href":"https:\/\/www.kolibica.com\/de\/wp-json\/wp\/v2\/product\/83390","targetHints":{"allow":["GET"]}}],"collection":[{"href":"https:\/\/www.kolibica.com\/de\/wp-json\/wp\/v2\/product"}],"about":[{"href":"https:\/\/www.kolibica.com\/de\/wp-json\/wp\/v2\/types\/product"}],"wp:featuredmedia":[{"embeddable":true,"href":"https:\/\/www.kolibica.com\/de\/wp-json\/wp\/v2\/media\/76943"}],"wp:attachment":[{"href":"https:\/\/www.kolibica.com\/de\/wp-json\/wp\/v2\/media?parent=83390"}],"wp:term":[{"taxonomy":"product_brand","embeddable":true,"href":"https:\/\/www.kolibica.com\/de\/wp-json\/wp\/v2\/product_brand?post=83390"},{"taxonomy":"product_cat","embeddable":true,"href":"https:\/\/www.kolibica.com\/de\/wp-json\/wp\/v2\/product_cat?post=83390"},{"taxonomy":"product_tag","embeddable":true,"href":"https:\/\/www.kolibica.com\/de\/wp-json\/wp\/v2\/product_tag?post=83390"}],"curies":[{"name":"wp","href":"https:\/\/api.w.org\/{rel}","templated":true}]}}