{"id":83389,"date":"2020-03-19T14:15:54","date_gmt":"2020-03-19T12:15:54","guid":{"rendered":"https:\/\/www.kolibica.com\/product\/esstisch-roma-x\/"},"modified":"2023-03-01T08:09:59","modified_gmt":"2023-03-01T06:09:59","slug":"esstisch-roma-x","status":"publish","type":"product","link":"https:\/\/www.kolibica.com\/de\/produkt\/esstisch-roma-x\/","title":{"rendered":"Esstisch Roma X"},"content":{"rendered":"<p><strong>Esstisch Roma X<\/strong>\u00a0bestehen aus einer 4 cm dicken Holzplatte und Metallbeinen in Form des Buchstabens X. Die Tische haben F\u00fc\u00dfe, mit denen die Tischh\u00f6he angepasst werden kann. Die Basis besteht aus Metallrohren 8&#215;4 cm und ist sehr stabil. Das Brett kann aus <a href=\"https:\/\/www.kolibica.com\/de\/strukturelle-eigenschaften-und-verwendbarkeit-heimischer-holzarten\/\">Buche<\/a>, <a href=\"https:\/\/www.kolibica.com\/de\/strukturelle-eigenschaften-und-verwendbarkeit-heimischer-holzarten\/\">Esche<\/a> oder <a href=\"https:\/\/www.kolibica.com\/de\/strukturelle-eigenschaften-und-verwendbarkeit-heimischer-holzarten\/\">Eiche<\/a> bestehen. Zu diesen Tischen empfehlen wir die <a href=\"https:\/\/www.kolibica.com\/de\/produkt\/restaurantstuehle-roma-x\/\">St\u00fchle Roma X<\/a>.<\/p>\n<p>Der Preis der Tische h\u00e4ngt von der Gr\u00f6\u00dfe der Tafel ab.<\/p>\n<p>160&#215;70 cm &#8211; 420 Eur<br \/>\n170&#215;70 cm &#8211; 450 Eur<br \/>\n180&#215;80 cm &#8211; 500 Eur<br \/>\n190&#215;90 cm &#8211; 600 Eur<br \/>\n190&#215;100 cm &#8211; 650 Eur<\/p>\n<p>&nbsp;<\/p>\n","protected":false},"excerpt":{"rendered":"<p>Esstisch Roma X\u00a0bestehen aus einer 4 cm dicken Holzplatte und  [&#8230;]<\/p>\n","protected":false},"featured_media":76328,"template":"","meta":{"content-type":""},"product_brand":[],"product_cat":[139,142],"product_tag":[],"class_list":{"0":"post-83389","1":"product","2":"type-product","3":"status-publish","4":"has-post-thumbnail","6":"product_cat-mobel","7":"product_cat-tische","9":"first","10":"instock","11":"shipping-taxable","12":"purchasable","13":"product-type-simple"},"aioseo_notices":[],"_links":{"self":[{"href":"https:\/\/www.kolibica.com\/de\/wp-json\/wp\/v2\/product\/83389","targetHints":{"allow":["GET"]}}],"collection":[{"href":"https:\/\/www.kolibica.com\/de\/wp-json\/wp\/v2\/product"}],"about":[{"href":"https:\/\/www.kolibica.com\/de\/wp-json\/wp\/v2\/types\/product"}],"wp:featuredmedia":[{"embeddable":true,"href":"https:\/\/www.kolibica.com\/de\/wp-json\/wp\/v2\/media\/76328"}],"wp:attachment":[{"href":"https:\/\/www.kolibica.com\/de\/wp-json\/wp\/v2\/media?parent=83389"}],"wp:term":[{"taxonomy":"product_brand","embeddable":true,"href":"https:\/\/www.kolibica.com\/de\/wp-json\/wp\/v2\/product_brand?post=83389"},{"taxonomy":"product_cat","embeddable":true,"href":"https:\/\/www.kolibica.com\/de\/wp-json\/wp\/v2\/product_cat?post=83389"},{"taxonomy":"product_tag","embeddable":true,"href":"https:\/\/www.kolibica.com\/de\/wp-json\/wp\/v2\/product_tag?post=83389"}],"curies":[{"name":"wp","href":"https:\/\/api.w.org\/{rel}","templated":true}]}}