{"id":83388,"date":"2020-03-25T13:03:47","date_gmt":"2020-03-25T11:03:47","guid":{"rendered":"https:\/\/www.kolibica.com\/product\/clubtisch-roma\/"},"modified":"2023-03-01T08:05:42","modified_gmt":"2023-03-01T06:05:42","slug":"clubtisch-roma","status":"publish","type":"product","link":"https:\/\/www.kolibica.com\/de\/produkt\/clubtisch-roma\/","title":{"rendered":"Clubtisch Roma"},"content":{"rendered":"<p><strong>Clubtisch Roma X <\/strong>besteht aus Holzbrettern und einer Metallstruktur. Die Tische haben F\u00fc\u00dfe, mit denen die H\u00f6he des Tisches eingestellt werden kann. Die Basis besteht aus Metallrohren 6&#215;2 cm und ist sehr stabil. Das Brett kann aus <a href=\"https:\/\/www.kolibica.com\/de\/strukturelle-eigenschaften-und-verwendbarkeit-heimischer-holzarten\/\">Buche<\/a>, <a href=\"https:\/\/www.kolibica.com\/de\/strukturelle-eigenschaften-und-verwendbarkeit-heimischer-holzarten\/\">Esche<\/a> oder <a href=\"https:\/\/www.kolibica.com\/de\/strukturelle-eigenschaften-und-verwendbarkeit-heimischer-holzarten\/\">Eiche<\/a> bestehen.<\/p>\n<p>Der Preis der Tische h\u00e4ngt von der Gr\u00f6\u00dfe der Tafel ab.<\/p>\n<p>120&#215;60 cm &#8211; 200 Eur<br \/>\n120&#215;70 cm &#8211; 220 Eur<br \/>\n140&#215;60 cm &#8211; 250 Eur<br \/>\n150&#215;70 cm &#8211; 280 Eur<\/p>\n<p>&nbsp;<\/p>\n","protected":false},"excerpt":{"rendered":"<p>Clubtisch Roma X besteht aus Holzbrettern und einer Metallstruktur. Die  [&#8230;]<\/p>\n","protected":false},"featured_media":76987,"template":"","meta":{"content-type":""},"product_brand":[],"product_cat":[139,142],"product_tag":[],"class_list":{"0":"post-83388","1":"product","2":"type-product","3":"status-publish","4":"has-post-thumbnail","6":"product_cat-mobel","7":"product_cat-tische","9":"first","10":"instock","11":"shipping-taxable","12":"purchasable","13":"product-type-simple"},"aioseo_notices":[],"_links":{"self":[{"href":"https:\/\/www.kolibica.com\/de\/wp-json\/wp\/v2\/product\/83388","targetHints":{"allow":["GET"]}}],"collection":[{"href":"https:\/\/www.kolibica.com\/de\/wp-json\/wp\/v2\/product"}],"about":[{"href":"https:\/\/www.kolibica.com\/de\/wp-json\/wp\/v2\/types\/product"}],"wp:featuredmedia":[{"embeddable":true,"href":"https:\/\/www.kolibica.com\/de\/wp-json\/wp\/v2\/media\/76987"}],"wp:attachment":[{"href":"https:\/\/www.kolibica.com\/de\/wp-json\/wp\/v2\/media?parent=83388"}],"wp:term":[{"taxonomy":"product_brand","embeddable":true,"href":"https:\/\/www.kolibica.com\/de\/wp-json\/wp\/v2\/product_brand?post=83388"},{"taxonomy":"product_cat","embeddable":true,"href":"https:\/\/www.kolibica.com\/de\/wp-json\/wp\/v2\/product_cat?post=83388"},{"taxonomy":"product_tag","embeddable":true,"href":"https:\/\/www.kolibica.com\/de\/wp-json\/wp\/v2\/product_tag?post=83388"}],"curies":[{"name":"wp","href":"https:\/\/api.w.org\/{rel}","templated":true}]}}