{"id":83386,"date":"2022-01-15T13:05:20","date_gmt":"2022-01-15T11:05:20","guid":{"rendered":"https:\/\/www.kolibica.com\/product\/untersetzer-fuer-toepfe-aus-kork-und-kunstleder\/"},"modified":"2023-03-01T07:57:26","modified_gmt":"2023-03-01T05:57:26","slug":"untersetzer-fur-topfe-aus-kork-und-kunstleder","status":"publish","type":"product","link":"https:\/\/www.kolibica.com\/de\/produkt\/untersetzer-fur-topfe-aus-kork-und-kunstleder\/","title":{"rendered":"Untersetzer f\u00fcr T\u00f6pfe aus Kork und Kunstleder"},"content":{"rendered":"<p><strong>Untersetzer f\u00fcr T\u00f6pfe aus Kork und Kunstleder<\/strong> werden nach Kundenwunsch hergestellt. Sie k\u00f6nnen die Dicke des Korks und die Farbe des \u00d6ko-Leders w\u00e4hlen. Die Untersetzer k\u00f6nnen mit einem Logo lasergraviert werden.<\/p>\n<p>&nbsp;<\/p>\n<p>&nbsp;<\/p>\n","protected":false},"excerpt":{"rendered":"<p>Untersetzer f\u00fcr T\u00f6pfe aus Kork und Kunstleder werden nach Kundenwunsch  [&#8230;]<\/p>\n","protected":false},"featured_media":77035,"template":"","meta":{"content-type":""},"product_brand":[],"product_cat":[134],"product_tag":[],"class_list":{"0":"post-83386","1":"product","2":"type-product","3":"status-publish","4":"has-post-thumbnail","6":"product_cat-holzzubehor-fur-die-kuche","8":"first","9":"instock","10":"shipping-taxable","11":"product-type-simple"},"aioseo_notices":[],"_links":{"self":[{"href":"https:\/\/www.kolibica.com\/de\/wp-json\/wp\/v2\/product\/83386","targetHints":{"allow":["GET"]}}],"collection":[{"href":"https:\/\/www.kolibica.com\/de\/wp-json\/wp\/v2\/product"}],"about":[{"href":"https:\/\/www.kolibica.com\/de\/wp-json\/wp\/v2\/types\/product"}],"wp:featuredmedia":[{"embeddable":true,"href":"https:\/\/www.kolibica.com\/de\/wp-json\/wp\/v2\/media\/77035"}],"wp:attachment":[{"href":"https:\/\/www.kolibica.com\/de\/wp-json\/wp\/v2\/media?parent=83386"}],"wp:term":[{"taxonomy":"product_brand","embeddable":true,"href":"https:\/\/www.kolibica.com\/de\/wp-json\/wp\/v2\/product_brand?post=83386"},{"taxonomy":"product_cat","embeddable":true,"href":"https:\/\/www.kolibica.com\/de\/wp-json\/wp\/v2\/product_cat?post=83386"},{"taxonomy":"product_tag","embeddable":true,"href":"https:\/\/www.kolibica.com\/de\/wp-json\/wp\/v2\/product_tag?post=83386"}],"curies":[{"name":"wp","href":"https:\/\/api.w.org\/{rel}","templated":true}]}}