{"id":83385,"date":"2022-01-15T17:12:54","date_gmt":"2022-01-15T15:12:54","guid":{"rendered":"https:\/\/www.kolibica.com\/product\/pfannenuntersetzer-mit-lattenrost\/"},"modified":"2023-03-01T08:31:59","modified_gmt":"2023-03-01T06:31:59","slug":"pfannenuntersetzer-mit-lattenrost","status":"publish","type":"product","link":"https:\/\/www.kolibica.com\/de\/produkt\/pfannenuntersetzer-mit-lattenrost\/","title":{"rendered":"Pfannenuntersetzer mit Lattenrost"},"content":{"rendered":"<p><strong>Pfannenuntersetzer mit Lattenrost<\/strong> werden nach Kundenwunsch gefertigt. Sie k\u00f6nnen die Dicke und Art des Holzes sowie die Abmessungen w\u00e4hlen. Die Untersetzer k\u00f6nnen mit einem Logo lasergraviert werden.<\/p>\n<p>&nbsp;<\/p>\n<p>&nbsp;<\/p>\n","protected":false},"excerpt":{"rendered":"<p>Pfannenuntersetzer mit Lattenrost werden nach Kundenwunsch gefertigt. Sie k\u00f6nnen die  [&#8230;]<\/p>\n","protected":false},"featured_media":77047,"template":"","meta":{"content-type":""},"product_brand":[],"product_cat":[134],"product_tag":[],"class_list":{"0":"post-83385","1":"product","2":"type-product","3":"status-publish","4":"has-post-thumbnail","6":"product_cat-holzzubehor-fur-die-kuche","8":"first","9":"instock","10":"shipping-taxable","11":"product-type-simple"},"aioseo_notices":[],"_links":{"self":[{"href":"https:\/\/www.kolibica.com\/de\/wp-json\/wp\/v2\/product\/83385","targetHints":{"allow":["GET"]}}],"collection":[{"href":"https:\/\/www.kolibica.com\/de\/wp-json\/wp\/v2\/product"}],"about":[{"href":"https:\/\/www.kolibica.com\/de\/wp-json\/wp\/v2\/types\/product"}],"wp:featuredmedia":[{"embeddable":true,"href":"https:\/\/www.kolibica.com\/de\/wp-json\/wp\/v2\/media\/77047"}],"wp:attachment":[{"href":"https:\/\/www.kolibica.com\/de\/wp-json\/wp\/v2\/media?parent=83385"}],"wp:term":[{"taxonomy":"product_brand","embeddable":true,"href":"https:\/\/www.kolibica.com\/de\/wp-json\/wp\/v2\/product_brand?post=83385"},{"taxonomy":"product_cat","embeddable":true,"href":"https:\/\/www.kolibica.com\/de\/wp-json\/wp\/v2\/product_cat?post=83385"},{"taxonomy":"product_tag","embeddable":true,"href":"https:\/\/www.kolibica.com\/de\/wp-json\/wp\/v2\/product_tag?post=83385"}],"curies":[{"name":"wp","href":"https:\/\/api.w.org\/{rel}","templated":true}]}}