{"id":83384,"date":"2022-01-17T10:56:56","date_gmt":"2022-01-17T08:56:56","guid":{"rendered":"https:\/\/www.kolibica.com\/product\/box-fuer-raeucherlachs\/"},"modified":"2023-03-01T08:29:52","modified_gmt":"2023-03-01T06:29:52","slug":"box-fuer-raeucherlachs","status":"publish","type":"product","link":"https:\/\/www.kolibica.com\/de\/produkt\/box-fuer-raeucherlachs\/","title":{"rendered":"Box f\u00fcr R\u00e4ucherlachs"},"content":{"rendered":"<p><strong>Box f\u00fcr R\u00e4ucherlachs<\/strong> &#8211; Diese Kisten sind aus Weichholz: Linde, <a href=\"https:\/\/www.kolibica.com\/de\/strukturelle-eigenschaften-und-verwendbarkeit-heimischer-holzarten\/\">Tanne<\/a> oder <a href=\"https:\/\/www.kolibica.com\/de\/strukturelle-eigenschaften-und-verwendbarkeit-heimischer-holzarten\/\">Fichte<\/a> mit Boden und Deckel aus Birkensperrholz Diese Kisten haben in der Standardausf\u00fchrung einen Schiebedeckel mit \u00d6ffnung.<\/p>\n<p>Die Abmessungen der Kartons f\u00fcr eine Flasche k\u00f6nnen je nach Kundenwunsch ge\u00e4ndert werden.<\/p>\n","protected":false},"excerpt":{"rendered":"<p>Box f\u00fcr R\u00e4ucherlachs &#8211; Diese Kisten sind aus Weichholz: Linde,  [&#8230;]<\/p>\n","protected":false},"featured_media":77075,"template":"","meta":{"content-type":""},"product_brand":[],"product_cat":[127],"product_tag":[],"class_list":{"0":"post-83384","1":"product","2":"type-product","3":"status-publish","4":"has-post-thumbnail","6":"product_cat-verpackung-aus-holz","8":"first","9":"instock","10":"shipping-taxable","11":"purchasable","12":"product-type-simple"},"aioseo_notices":[],"_links":{"self":[{"href":"https:\/\/www.kolibica.com\/de\/wp-json\/wp\/v2\/product\/83384","targetHints":{"allow":["GET"]}}],"collection":[{"href":"https:\/\/www.kolibica.com\/de\/wp-json\/wp\/v2\/product"}],"about":[{"href":"https:\/\/www.kolibica.com\/de\/wp-json\/wp\/v2\/types\/product"}],"wp:featuredmedia":[{"embeddable":true,"href":"https:\/\/www.kolibica.com\/de\/wp-json\/wp\/v2\/media\/77075"}],"wp:attachment":[{"href":"https:\/\/www.kolibica.com\/de\/wp-json\/wp\/v2\/media?parent=83384"}],"wp:term":[{"taxonomy":"product_brand","embeddable":true,"href":"https:\/\/www.kolibica.com\/de\/wp-json\/wp\/v2\/product_brand?post=83384"},{"taxonomy":"product_cat","embeddable":true,"href":"https:\/\/www.kolibica.com\/de\/wp-json\/wp\/v2\/product_cat?post=83384"},{"taxonomy":"product_tag","embeddable":true,"href":"https:\/\/www.kolibica.com\/de\/wp-json\/wp\/v2\/product_tag?post=83384"}],"curies":[{"name":"wp","href":"https:\/\/api.w.org\/{rel}","templated":true}]}}