{"id":83381,"date":"2021-05-28T08:29:17","date_gmt":"2021-05-28T06:29:17","guid":{"rendered":"https:\/\/www.kolibica.com\/product\/schneidebrett-welle\/"},"modified":"2023-03-01T08:01:48","modified_gmt":"2023-03-01T06:01:48","slug":"schneidebrett-welle","status":"publish","type":"product","link":"https:\/\/www.kolibica.com\/de\/produkt\/schneidebrett-welle\/","title":{"rendered":"Schneidebrett &#8211; Welle"},"content":{"rendered":"<p><strong>Schneidebrett &#8211; Welle &#8211; Das schneide<\/strong>&#8211; und zubereitungsbrett aus hochwertigem <a href=\"https:\/\/www.kolibica.com\/de\/strukturelle-eigenschaften-und-verwendbarkeit-heimischer-holzarten\/\">buchenholz<\/a> ist sehr praktisch. Die hohe Qualit\u00e4t von Fleischbrettern, der Wunsch, Verbraucher zu treffen und die M\u00f6glichkeit, diese Bretter zu bedrucken und zu gravieren, machen sie ideal f\u00fcr Geschenke bei Pr\u00e4sentationen, insbesondere f\u00fcr Unternehmen der Lebensmittelindustrie.<\/p>\n<p><strong>Die Abmessungen der Fleischbretter werden den Kundenw\u00fcnschen angepasst.<\/strong><\/p>\n<p>&nbsp;<\/p>\n<p><strong>Rat:<\/strong><\/p>\n<p>Bewahren Sie Holz\u00f6fen und K\u00fcchenbretter nicht unter Wasser auf, da sie sich verformen. Bretter und Schwei\u00dfer sollten sofort nach Gebrauch gewaschen und getrocknet werden. Wenn sie unangenehme Ger\u00fcche von Lebensmitteln behalten haben, sollten sie gelegentlich mit einer scharfen B\u00fcrste, die in eine Mischung aus Salz und Essig getaucht ist, geschrubbt und dann unter einem warmen Wasserstrahl abgesp\u00fclt werden.<\/p>\n<p>&nbsp;<\/p>\n","protected":false},"excerpt":{"rendered":"<p>Schneidebrett &#8211; Welle &#8211; Das schneide&#8211; und zubereitungsbrett aus hochwertigem  [&#8230;]<\/p>\n","protected":false},"featured_media":75816,"template":"","meta":{"content-type":""},"product_brand":[],"product_cat":[134],"product_tag":[],"class_list":{"0":"post-83381","1":"product","2":"type-product","3":"status-publish","4":"has-post-thumbnail","6":"product_cat-holzzubehor-fur-die-kuche","8":"first","9":"instock","10":"shipping-taxable","11":"product-type-simple"},"aioseo_notices":[],"_links":{"self":[{"href":"https:\/\/www.kolibica.com\/de\/wp-json\/wp\/v2\/product\/83381","targetHints":{"allow":["GET"]}}],"collection":[{"href":"https:\/\/www.kolibica.com\/de\/wp-json\/wp\/v2\/product"}],"about":[{"href":"https:\/\/www.kolibica.com\/de\/wp-json\/wp\/v2\/types\/product"}],"wp:featuredmedia":[{"embeddable":true,"href":"https:\/\/www.kolibica.com\/de\/wp-json\/wp\/v2\/media\/75816"}],"wp:attachment":[{"href":"https:\/\/www.kolibica.com\/de\/wp-json\/wp\/v2\/media?parent=83381"}],"wp:term":[{"taxonomy":"product_brand","embeddable":true,"href":"https:\/\/www.kolibica.com\/de\/wp-json\/wp\/v2\/product_brand?post=83381"},{"taxonomy":"product_cat","embeddable":true,"href":"https:\/\/www.kolibica.com\/de\/wp-json\/wp\/v2\/product_cat?post=83381"},{"taxonomy":"product_tag","embeddable":true,"href":"https:\/\/www.kolibica.com\/de\/wp-json\/wp\/v2\/product_tag?post=83381"}],"curies":[{"name":"wp","href":"https:\/\/api.w.org\/{rel}","templated":true}]}}