{"id":83380,"date":"2022-01-19T13:16:50","date_gmt":"2022-01-19T11:16:50","guid":{"rendered":"https:\/\/www.kolibica.com\/product\/eine-sockenbox\/"},"modified":"2023-03-01T08:24:56","modified_gmt":"2023-03-01T06:24:56","slug":"sockenkiste-aus-holz","status":"publish","type":"product","link":"https:\/\/www.kolibica.com\/de\/produkt\/sockenkiste-aus-holz\/","title":{"rendered":"Sockenkiste aus Holz"},"content":{"rendered":"<p><strong>Sockenkiste aus Holz<\/strong> &#8211; Diese Kisten sind aus Weichholz: Linde, <a href=\"https:\/\/www.kolibica.com\/de\/strukturelle-eigenschaften-und-verwendbarkeit-heimischer-holzarten\/\">Tanne<\/a> oder <a href=\"https:\/\/www.kolibica.com\/de\/strukturelle-eigenschaften-und-verwendbarkeit-heimischer-holzarten\/\">Fichte<\/a> mit Boden und Deckel aus Birkensperrholz Die Kisten haben einen Klappdeckel mit Clip.<\/p>\n<p>Die Abmessungen der Kartons f\u00fcr eine Flasche k\u00f6nnen je nach Kundenwunsch ge\u00e4ndert werden.<\/p>\n","protected":false},"excerpt":{"rendered":"<p>Sockenkiste aus Holz &#8211; Diese Kisten sind aus Weichholz: Linde,  [&#8230;]<\/p>\n","protected":false},"featured_media":77115,"template":"","meta":{"content-type":""},"product_brand":[],"product_cat":[127],"product_tag":[],"class_list":{"0":"post-83380","1":"product","2":"type-product","3":"status-publish","4":"has-post-thumbnail","6":"product_cat-verpackung-aus-holz","8":"first","9":"instock","10":"shipping-taxable","11":"purchasable","12":"product-type-simple"},"aioseo_notices":[],"_links":{"self":[{"href":"https:\/\/www.kolibica.com\/de\/wp-json\/wp\/v2\/product\/83380","targetHints":{"allow":["GET"]}}],"collection":[{"href":"https:\/\/www.kolibica.com\/de\/wp-json\/wp\/v2\/product"}],"about":[{"href":"https:\/\/www.kolibica.com\/de\/wp-json\/wp\/v2\/types\/product"}],"wp:featuredmedia":[{"embeddable":true,"href":"https:\/\/www.kolibica.com\/de\/wp-json\/wp\/v2\/media\/77115"}],"wp:attachment":[{"href":"https:\/\/www.kolibica.com\/de\/wp-json\/wp\/v2\/media?parent=83380"}],"wp:term":[{"taxonomy":"product_brand","embeddable":true,"href":"https:\/\/www.kolibica.com\/de\/wp-json\/wp\/v2\/product_brand?post=83380"},{"taxonomy":"product_cat","embeddable":true,"href":"https:\/\/www.kolibica.com\/de\/wp-json\/wp\/v2\/product_cat?post=83380"},{"taxonomy":"product_tag","embeddable":true,"href":"https:\/\/www.kolibica.com\/de\/wp-json\/wp\/v2\/product_tag?post=83380"}],"curies":[{"name":"wp","href":"https:\/\/api.w.org\/{rel}","templated":true}]}}