{"id":83379,"date":"2022-01-19T16:29:28","date_gmt":"2022-01-19T14:29:28","guid":{"rendered":"https:\/\/www.kolibica.com\/product\/grosser-obstkorb\/"},"modified":"2023-03-01T08:20:59","modified_gmt":"2023-03-01T06:20:59","slug":"koerbe-verpacken-aus-holz-grosser","status":"publish","type":"product","link":"https:\/\/www.kolibica.com\/de\/produkt\/koerbe-verpacken-aus-holz-grosser\/","title":{"rendered":"K\u00f6rbe Verpacken aus Holz Gro\u00dfer"},"content":{"rendered":"<p><strong>K\u00f6rbe Verpacken aus Holz Gro\u00dfer<\/strong> von Obst, Gem\u00fcse und Pilzen werden aus <a href=\"https:\/\/www.kolibica.com\/de\/strukturelle-eigenschaften-und-verwendbarkeit-heimischer-holzarten\/\">Pappel<\/a> hergestellt. Die Ma\u00dfe der K\u00f6rbe sind: 35x14x11 cm.<\/p>\n<p>&nbsp;<\/p>\n<p>&nbsp;<\/p>\n","protected":false},"excerpt":{"rendered":"<p>K\u00f6rbe Verpacken aus Holz Gro\u00dfer von Obst, Gem\u00fcse und Pilzen  [&#8230;]<\/p>\n","protected":false},"featured_media":77147,"template":"","meta":{"content-type":""},"product_brand":[],"product_cat":[128,127],"product_tag":[],"class_list":{"0":"post-83379","1":"product","2":"type-product","3":"status-publish","4":"has-post-thumbnail","6":"product_cat-holzkisten","7":"product_cat-verpackung-aus-holz","9":"first","10":"instock","11":"shipping-taxable","12":"product-type-simple"},"aioseo_notices":[],"_links":{"self":[{"href":"https:\/\/www.kolibica.com\/de\/wp-json\/wp\/v2\/product\/83379","targetHints":{"allow":["GET"]}}],"collection":[{"href":"https:\/\/www.kolibica.com\/de\/wp-json\/wp\/v2\/product"}],"about":[{"href":"https:\/\/www.kolibica.com\/de\/wp-json\/wp\/v2\/types\/product"}],"wp:featuredmedia":[{"embeddable":true,"href":"https:\/\/www.kolibica.com\/de\/wp-json\/wp\/v2\/media\/77147"}],"wp:attachment":[{"href":"https:\/\/www.kolibica.com\/de\/wp-json\/wp\/v2\/media?parent=83379"}],"wp:term":[{"taxonomy":"product_brand","embeddable":true,"href":"https:\/\/www.kolibica.com\/de\/wp-json\/wp\/v2\/product_brand?post=83379"},{"taxonomy":"product_cat","embeddable":true,"href":"https:\/\/www.kolibica.com\/de\/wp-json\/wp\/v2\/product_cat?post=83379"},{"taxonomy":"product_tag","embeddable":true,"href":"https:\/\/www.kolibica.com\/de\/wp-json\/wp\/v2\/product_tag?post=83379"}],"curies":[{"name":"wp","href":"https:\/\/api.w.org\/{rel}","templated":true}]}}