{"id":83376,"date":"2019-02-11T20:52:58","date_gmt":"2019-02-11T18:52:58","guid":{"rendered":"https:\/\/www.kolibica.com\/product\/15-liter-holzfass-mit-staender\/"},"modified":"2023-02-18T07:40:41","modified_gmt":"2023-02-18T05:40:41","slug":"15-liter-holzfass-mit-staender-und-zapfhahn","status":"publish","type":"product","link":"https:\/\/www.kolibica.com\/de\/produkt\/15-liter-holzfass-mit-staender-und-zapfhahn\/","title":{"rendered":"15 Liter Holzfass mit St\u00e4nder und Zapfhahn"},"content":{"rendered":"<p><strong>15 Liter Holzfass mit St\u00e4nder und Zapfhahn <span class=\"HwtZe\" lang=\"de\"><span class=\"jCAhz ChMk0b\"><span class=\"ryNqvb\">ist aus <a title=\"Zypressen Eiche\" href=\"https:\/\/www.kolibica.com\/de\/strukturelle-eigenschaften-und-verwendbarkeit-heimischer-holzarten\/\">Zypressen Eiche<\/a> gefertigt.<\/span><\/span>\u00a0<\/span><\/strong><br \/>\nHolzf\u00e4sser k\u00f6nnen mit verzinkten oder schwarzen Ringen sein.<\/p>\n<p><strong>Um die Wirkung von Holzfassgerbstoffen zu reduzieren, sollten Sie Folgendes tun:<\/strong><\/p>\n<p>1. F\u00fcllen Sie das Fass mit hei\u00dfem Wasser, lassen Sie das Wasser abk\u00fchlen und entleeren Sie dann das Fass.<br \/>\n2. F\u00fcllen Sie das Fass erneut, diesmal mit kaltem Wasser, lassen Sie die Wassertemperatur auf Raumtemperatur ansteigen und entleeren Sie das Fass erneut.<br \/>\n3. Sie werden feststellen, dass w\u00e4hrend der ersten paar Sp\u00fclungen schwarzes oder braunes Wasser aus dem Fass austritt. Deshalb m\u00fcssen Sie das Fass noch ein paar Mal f\u00fcllen, bis klares Wasser herauskommt.<br \/>\nAuf diese Weise wird der Tanningehalt des Eichenholzes reduziert und die alkoholischen Getr\u00e4nke, die Sie im Fass aufbewahren, weniger beeintr\u00e4chtigt.<br \/>\nWenn Sie einen noch niedrigeren Tanningehalt w\u00fcnschen, wiederholen Sie die Kaltwassersp\u00fclung mehrmals. Es ist wichtig zu beachten, dass die M\u00f6glichkeit besteht, dass ein brandneues Fass zun\u00e4chst undicht ist, auch in den ersten Tagen. Das ist v\u00f6llig normal, denn beim Bef\u00fcllen dehnen sich die Regenb\u00f6gen aus und haften besser aneinander und dichten somit das Fass ab.<br \/>\nWenn Sie das Fass leer lassen, beginnen die Regenb\u00f6gen nach einigen Wochen wieder zu schrumpfen und in diesem Fall m\u00fcssen Sie das Fass mit kaltem Wasser auff\u00fcllen, um sie auszubreiten. Verwenden Sie beim Bef\u00fcllen des Fasses mit Wasser keine Kappen.<\/p>\n","protected":false},"excerpt":{"rendered":"<p>15 Liter Holzfass mit St\u00e4nder und Zapfhahn ist aus Zypressen  [&#8230;]<\/p>\n","protected":false},"featured_media":87728,"template":"","meta":{"content-type":""},"product_brand":[],"product_cat":[132],"product_tag":[],"class_list":{"0":"post-83376","1":"product","2":"type-product","3":"status-publish","4":"has-post-thumbnail","6":"product_cat-holzfasser","8":"first","9":"instock","10":"featured","11":"shipping-taxable","12":"purchasable","13":"product-type-simple"},"aioseo_notices":[],"_links":{"self":[{"href":"https:\/\/www.kolibica.com\/de\/wp-json\/wp\/v2\/product\/83376","targetHints":{"allow":["GET"]}}],"collection":[{"href":"https:\/\/www.kolibica.com\/de\/wp-json\/wp\/v2\/product"}],"about":[{"href":"https:\/\/www.kolibica.com\/de\/wp-json\/wp\/v2\/types\/product"}],"wp:featuredmedia":[{"embeddable":true,"href":"https:\/\/www.kolibica.com\/de\/wp-json\/wp\/v2\/media\/87728"}],"wp:attachment":[{"href":"https:\/\/www.kolibica.com\/de\/wp-json\/wp\/v2\/media?parent=83376"}],"wp:term":[{"taxonomy":"product_brand","embeddable":true,"href":"https:\/\/www.kolibica.com\/de\/wp-json\/wp\/v2\/product_brand?post=83376"},{"taxonomy":"product_cat","embeddable":true,"href":"https:\/\/www.kolibica.com\/de\/wp-json\/wp\/v2\/product_cat?post=83376"},{"taxonomy":"product_tag","embeddable":true,"href":"https:\/\/www.kolibica.com\/de\/wp-json\/wp\/v2\/product_tag?post=83376"}],"curies":[{"name":"wp","href":"https:\/\/api.w.org\/{rel}","templated":true}]}}