{"id":83364,"date":"2019-02-12T16:03:11","date_gmt":"2019-02-12T14:03:11","guid":{"rendered":"https:\/\/www.kolibica.com\/product\/schneidebrett-standard\/"},"modified":"2023-02-20T09:26:16","modified_gmt":"2023-02-20T07:26:16","slug":"schneidebrett-holz-standard","status":"publish","type":"product","link":"https:\/\/www.kolibica.com\/de\/produkt\/schneidebrett-holz-standard\/","title":{"rendered":"Schneidebrett holz &#8211; Standard"},"content":{"rendered":"<p><strong>Schneidebrett holz &#8211; Standard<\/strong> Schneiden und Zubereiten von Speisen mit Halter ist aus hochwertigem <a href=\"https:\/\/www.kolibica.com\/de\/strukturelle-eigenschaften-und-verwendbarkeit-heimischer-holzarten\/\">Buchenholz<\/a> gefertigt und sehr praktisch. Die hohe Qualit\u00e4t von Fleischbrettern, der Wunsch, Verbraucher zu treffen und die M\u00f6glichkeit, diese Bretter zu bedrucken und zu gravieren, machen sie ideal f\u00fcr Geschenke bei Pr\u00e4sentationen, insbesondere f\u00fcr Unternehmen der Lebensmittelindustrie.<\/p>\n<p><strong>Ma\u00dfe Fleischbretter (L\u00e4nge mit Griff):<\/strong><\/p>\n<p>Klein: 19,5 (31,5) x 13 x 2 cm<br \/>\nMittel: 23 (36,3) x 17 x 2 cm<br \/>\nGro\u00df: 25,7 (39,5) x 19,6 x 2<\/p>\n<p>In Klammern steht die L\u00e4nge des Fleischerbrettes mit Griff. Die Abmessungen und Form der Bretter k\u00f6nnen an die Bed\u00fcrfnisse der Kunden angepasst werden und m\u00fcssen nicht Standard sein. In Absprache mit dem Kunden k\u00f6nnen wir auch das Branding der Boards vornehmen.<\/p>\n<p><strong>Rat:<\/strong><\/p>\n<p>Bewahren Sie Holz\u00f6fen und K\u00fcchenbretter nicht unter Wasser auf, da sie sich verformen. Bretter und Schwei\u00dfer sollten sofort nach Gebrauch gewaschen und getrocknet werden. Wenn sie unangenehme Ger\u00fcche von Lebensmitteln behalten haben, sollten sie gelegentlich mit einer scharfen B\u00fcrste, die in eine Mischung aus Salz und Essig getaucht ist, geschrubbt und dann unter einem warmen Wasserstrahl abgesp\u00fclt werden.<\/p>\n<p>&nbsp;<\/p>\n","protected":false},"excerpt":{"rendered":"<p>Schneidebrett holz &#8211; Standard Schneiden und Zubereiten von Speisen mit  [&#8230;]<\/p>\n","protected":false},"featured_media":75800,"template":"","meta":{"content-type":""},"product_brand":[],"product_cat":[134],"product_tag":[],"class_list":{"0":"post-83364","1":"product","2":"type-product","3":"status-publish","4":"has-post-thumbnail","6":"product_cat-holzzubehor-fur-die-kuche","8":"first","9":"instock","10":"shipping-taxable","11":"product-type-simple"},"aioseo_notices":[],"_links":{"self":[{"href":"https:\/\/www.kolibica.com\/de\/wp-json\/wp\/v2\/product\/83364","targetHints":{"allow":["GET"]}}],"collection":[{"href":"https:\/\/www.kolibica.com\/de\/wp-json\/wp\/v2\/product"}],"about":[{"href":"https:\/\/www.kolibica.com\/de\/wp-json\/wp\/v2\/types\/product"}],"wp:featuredmedia":[{"embeddable":true,"href":"https:\/\/www.kolibica.com\/de\/wp-json\/wp\/v2\/media\/75800"}],"wp:attachment":[{"href":"https:\/\/www.kolibica.com\/de\/wp-json\/wp\/v2\/media?parent=83364"}],"wp:term":[{"taxonomy":"product_brand","embeddable":true,"href":"https:\/\/www.kolibica.com\/de\/wp-json\/wp\/v2\/product_brand?post=83364"},{"taxonomy":"product_cat","embeddable":true,"href":"https:\/\/www.kolibica.com\/de\/wp-json\/wp\/v2\/product_cat?post=83364"},{"taxonomy":"product_tag","embeddable":true,"href":"https:\/\/www.kolibica.com\/de\/wp-json\/wp\/v2\/product_tag?post=83364"}],"curies":[{"name":"wp","href":"https:\/\/api.w.org\/{rel}","templated":true}]}}