{"id":83362,"date":"2019-02-12T16:27:08","date_gmt":"2019-02-12T14:27:08","guid":{"rendered":"https:\/\/www.kolibica.com\/product\/schneidebretter-verschiedene-formen\/"},"modified":"2023-02-20T09:32:11","modified_gmt":"2023-02-20T07:32:11","slug":"schneidebretter-in-verschiedenen-formen","status":"publish","type":"product","link":"https:\/\/www.kolibica.com\/de\/produkt\/schneidebretter-in-verschiedenen-formen\/","title":{"rendered":"Schneidebretter &#8211; verschiedene formen"},"content":{"rendered":"<p><strong>Schneidebretter &#8211; verschiedene formen <\/strong>&#8211; und zubereitungsbrett aus hochwertigem buchenholz ist sehr praktisch. Die hohe Qualit\u00e4t von Fleischbrettern, der Wunsch, Verbraucher zu treffen und die M\u00f6glichkeit, diese Bretter zu bedrucken und zu gravieren, machen sie ideal f\u00fcr Geschenke bei Pr\u00e4sentationen, insbesondere f\u00fcr Unternehmen der Lebensmittelindustrie. Bretter k\u00f6nnen aus verschiedenen Holzarten hergestellt werden.<\/p>\n<p><strong>Abmessungen und Form der Schneide- und Servierbretter werden den Kundenw\u00fcnschen angepasst.<\/strong><\/p>\n<p><strong>Preise Schachbrett:<\/strong><br \/>\nKlein (15x15cm) &#8211; 12 Eur<br \/>\nMittel (20x20cm) &#8211; 16 Eur<br \/>\nGro\u00df (25x25cm) &#8211; 22 Eur<br \/>\nDie Mindestbestellmenge betr\u00e4gt 50 St\u00fcck.<\/p>\n<p><strong>Tafeln werden<\/strong> haupts\u00e4chlich zum Servieren von kalten Vorspeisen verwendet und sind als solche klassifiziert (f\u00fcr eine, zwei und vier Personen). Sie bestehen aus einer Kombination aus ged\u00e4mpfter Buche und Esche.<\/p>\n<p><strong>Preise Bogentafeln:<\/strong><br \/>\nF\u00fcr eine Person &#8211; 10 Eur<br \/>\nF\u00fcr zwei Personen &#8211; 15 Eur<br \/>\nF\u00fcr vier Personen &#8211; 20 Eur<br \/>\nDie Mindestbestellmenge betr\u00e4gt 50 St\u00fcck.<\/p>\n<p><strong>Rat:<\/strong><\/p>\n<p>Bewahren Sie Holz\u00f6fen und K\u00fcchenbretter nicht unter Wasser auf, da sie sich verformen. Bretter und Schwei\u00dfer sollten sofort nach Gebrauch gewaschen und getrocknet werden. Wenn sie unangenehme Ger\u00fcche von Lebensmitteln behalten haben, sollten sie gelegentlich mit einer scharfen B\u00fcrste, die in eine Mischung aus Salz und Essig getaucht ist, geschrubbt und dann unter einem warmen Wasserstrahl abgesp\u00fclt werden.<\/p>\n<p>&nbsp;<\/p>\n","protected":false},"excerpt":{"rendered":"<p>Schneidebretter &#8211; verschiedene formen &#8211; und zubereitungsbrett aus hochwertigem buchenholz  [&#8230;]<\/p>\n","protected":false},"featured_media":75828,"template":"","meta":{"content-type":""},"product_brand":[],"product_cat":[134],"product_tag":[],"class_list":{"0":"post-83362","1":"product","2":"type-product","3":"status-publish","4":"has-post-thumbnail","6":"product_cat-holzzubehor-fur-die-kuche","8":"first","9":"instock","10":"shipping-taxable","11":"product-type-simple"},"aioseo_notices":[],"_links":{"self":[{"href":"https:\/\/www.kolibica.com\/de\/wp-json\/wp\/v2\/product\/83362","targetHints":{"allow":["GET"]}}],"collection":[{"href":"https:\/\/www.kolibica.com\/de\/wp-json\/wp\/v2\/product"}],"about":[{"href":"https:\/\/www.kolibica.com\/de\/wp-json\/wp\/v2\/types\/product"}],"wp:featuredmedia":[{"embeddable":true,"href":"https:\/\/www.kolibica.com\/de\/wp-json\/wp\/v2\/media\/75828"}],"wp:attachment":[{"href":"https:\/\/www.kolibica.com\/de\/wp-json\/wp\/v2\/media?parent=83362"}],"wp:term":[{"taxonomy":"product_brand","embeddable":true,"href":"https:\/\/www.kolibica.com\/de\/wp-json\/wp\/v2\/product_brand?post=83362"},{"taxonomy":"product_cat","embeddable":true,"href":"https:\/\/www.kolibica.com\/de\/wp-json\/wp\/v2\/product_cat?post=83362"},{"taxonomy":"product_tag","embeddable":true,"href":"https:\/\/www.kolibica.com\/de\/wp-json\/wp\/v2\/product_tag?post=83362"}],"curies":[{"name":"wp","href":"https:\/\/api.w.org\/{rel}","templated":true}]}}