{"id":83360,"date":"2019-02-12T16:49:35","date_gmt":"2019-02-12T14:49:35","guid":{"rendered":"https:\/\/www.kolibica.com\/product\/holzschweisser-spachtel\/"},"modified":"2023-02-20T09:54:39","modified_gmt":"2023-02-20T07:54:39","slug":"holz-schweiser-spachtel","status":"publish","type":"product","link":"https:\/\/www.kolibica.com\/de\/produkt\/holz-schweiser-spachtel\/","title":{"rendered":"Holzschwei\u00dfer &#8211; Spachtel"},"content":{"rendered":"<p><strong>Holzschwei\u00dfer &#8211; Spachtel<\/strong>\u00a0sind ein unverzichtbarer K\u00fcchenhelfer f\u00fcr alle Hausfrauen. Vom t\u00e4glichen Kochen des Mittagessens bis zur Vorbereitung des Winters sind immer mehrere Holzschwei\u00dfmaschinen in verschiedenen Gr\u00f6\u00dfen und Formen erforderlich. Es besteht die M\u00f6glichkeit, Logos auf Flachschwei\u00dfern zu drucken oder zu lasern, und sie eignen sich auch als Geschenk bei Pr\u00e4sentationen.<\/p>\n<p><strong>Abmessungen des Schwei\u00dfger\u00e4ts<\/strong>: Die Standardl\u00e4nge des Schwei\u00dfger\u00e4ts betr\u00e4gt 30 cm.<\/p>\n<p><strong>Preise:<\/strong><br \/>\n500-2000 stk. &#8211; 0,32 \u20ac<br \/>\n2000-5000 stk. &#8211; 0,28 \u20ac<br \/>\n5000-10000 Stk. &#8211; 0,25 \u20ac<br \/>\nPreko 10000 stk. &#8211; 0,24 \u20ac<\/p>\n<p><strong>Rat:<\/strong><\/p>\n<p>Bewahren Sie Holz\u00f6fen und K\u00fcchenbretter nicht unter Wasser auf, da sie sich verformen. Bretter und Schwei\u00dfer sollten sofort nach Gebrauch gewaschen und getrocknet werden. Wenn sie unangenehme Ger\u00fcche von Lebensmitteln behalten haben, sollten sie gelegentlich mit einer scharfen B\u00fcrste, die in eine Mischung aus Salz und Essig getaucht ist, geschrubbt und dann unter einem warmen Wasserstrahl abgesp\u00fclt werden.<\/p>\n<p>&nbsp;<\/p>\n","protected":false},"excerpt":{"rendered":"<p>Holzschwei\u00dfer &#8211; Spachtel\u00a0sind ein unverzichtbarer K\u00fcchenhelfer f\u00fcr alle Hausfrauen. Vom  [&#8230;]<\/p>\n","protected":false},"featured_media":75848,"template":"","meta":{"content-type":""},"product_brand":[],"product_cat":[134],"product_tag":[],"class_list":{"0":"post-83360","1":"product","2":"type-product","3":"status-publish","4":"has-post-thumbnail","6":"product_cat-holzzubehor-fur-die-kuche","8":"first","9":"instock","10":"shipping-taxable","11":"product-type-simple"},"aioseo_notices":[],"_links":{"self":[{"href":"https:\/\/www.kolibica.com\/de\/wp-json\/wp\/v2\/product\/83360","targetHints":{"allow":["GET"]}}],"collection":[{"href":"https:\/\/www.kolibica.com\/de\/wp-json\/wp\/v2\/product"}],"about":[{"href":"https:\/\/www.kolibica.com\/de\/wp-json\/wp\/v2\/types\/product"}],"wp:featuredmedia":[{"embeddable":true,"href":"https:\/\/www.kolibica.com\/de\/wp-json\/wp\/v2\/media\/75848"}],"wp:attachment":[{"href":"https:\/\/www.kolibica.com\/de\/wp-json\/wp\/v2\/media?parent=83360"}],"wp:term":[{"taxonomy":"product_brand","embeddable":true,"href":"https:\/\/www.kolibica.com\/de\/wp-json\/wp\/v2\/product_brand?post=83360"},{"taxonomy":"product_cat","embeddable":true,"href":"https:\/\/www.kolibica.com\/de\/wp-json\/wp\/v2\/product_cat?post=83360"},{"taxonomy":"product_tag","embeddable":true,"href":"https:\/\/www.kolibica.com\/de\/wp-json\/wp\/v2\/product_tag?post=83360"}],"curies":[{"name":"wp","href":"https:\/\/api.w.org\/{rel}","templated":true}]}}