{"id":83358,"date":"2019-02-12T17:09:56","date_gmt":"2019-02-12T15:09:56","guid":{"rendered":"https:\/\/www.kolibica.com\/product\/grillzange\/"},"modified":"2023-02-20T10:04:09","modified_gmt":"2023-02-20T08:04:09","slug":"grillzangen-aus-holz","status":"publish","type":"product","link":"https:\/\/www.kolibica.com\/de\/produkt\/grillzangen-aus-holz\/","title":{"rendered":"Grillzangen aus Holz"},"content":{"rendered":"<p><strong>Grillzangen aus Holz<\/strong> sind ein unverzichtbarer K\u00fcchenhelfer f\u00fcr alle Hausfrauen Sie sind aus hochwertiger <a href=\"https:\/\/www.kolibica.com\/de\/strukturelle-eigenschaften-und-verwendbarkeit-heimischer-holzarten\/\">Buche<\/a> gefertigt und k\u00f6nnen zum Mischen und Gie\u00dfen von Salaten verwendet werden. Die L\u00e4nge des Grillgriffs betr\u00e4gt 40 cm. Die flachen Seiten lassen sich mit Logos bedrucken oder lasergravieren und eignen sich auch als Pr\u00e4sent bei Pr\u00e4sentationen. Die Standardl\u00e4nge des Grillgriffs betr\u00e4gt 35 cm, aber auf Kundenwunsch k\u00f6nnen Griffe mit anderen Abmessungen hergestellt werden.<\/p>\n<p><strong>Preise Grillzange:<\/strong><\/p>\n<p>100-500 Stk. &#8211; 0,50 Eur<br \/>\n500-1000 Stk. &#8211; 0,45 Eur<br \/>\n1000-5000 Stk &#8211; 0,40 Eur<br \/>\n10000 Stk. &#8211; 0,35 Eur<\/p>\n<p>&nbsp;<\/p>\n<p><strong>Rat:<\/strong><\/p>\n<p>Bewahren Sie Holz\u00f6fen und K\u00fcchenbretter nicht unter Wasser auf, da sie sich verformen. Bretter und Schwei\u00dfer sollten sofort nach Gebrauch gewaschen und getrocknet werden. Wenn sie unangenehme Ger\u00fcche von Lebensmitteln behalten haben, sollten sie gelegentlich mit einer scharfen B\u00fcrste, die in eine Mischung aus Salz und Essig getaucht ist, geschrubbt und dann unter einem warmen Wasserstrahl abgesp\u00fclt werden.<\/p>\n<p>&nbsp;<\/p>\n","protected":false},"excerpt":{"rendered":"<p>Grillzangen aus Holz sind ein unverzichtbarer K\u00fcchenhelfer f\u00fcr alle Hausfrauen  [&#8230;]<\/p>\n","protected":false},"featured_media":75888,"template":"","meta":{"content-type":""},"product_brand":[],"product_cat":[134],"product_tag":[],"class_list":{"0":"post-83358","1":"product","2":"type-product","3":"status-publish","4":"has-post-thumbnail","6":"product_cat-holzzubehor-fur-die-kuche","8":"first","9":"instock","10":"shipping-taxable","11":"product-type-simple"},"aioseo_notices":[],"_links":{"self":[{"href":"https:\/\/www.kolibica.com\/de\/wp-json\/wp\/v2\/product\/83358","targetHints":{"allow":["GET"]}}],"collection":[{"href":"https:\/\/www.kolibica.com\/de\/wp-json\/wp\/v2\/product"}],"about":[{"href":"https:\/\/www.kolibica.com\/de\/wp-json\/wp\/v2\/types\/product"}],"wp:featuredmedia":[{"embeddable":true,"href":"https:\/\/www.kolibica.com\/de\/wp-json\/wp\/v2\/media\/75888"}],"wp:attachment":[{"href":"https:\/\/www.kolibica.com\/de\/wp-json\/wp\/v2\/media?parent=83358"}],"wp:term":[{"taxonomy":"product_brand","embeddable":true,"href":"https:\/\/www.kolibica.com\/de\/wp-json\/wp\/v2\/product_brand?post=83358"},{"taxonomy":"product_cat","embeddable":true,"href":"https:\/\/www.kolibica.com\/de\/wp-json\/wp\/v2\/product_cat?post=83358"},{"taxonomy":"product_tag","embeddable":true,"href":"https:\/\/www.kolibica.com\/de\/wp-json\/wp\/v2\/product_tag?post=83358"}],"curies":[{"name":"wp","href":"https:\/\/api.w.org\/{rel}","templated":true}]}}