{"id":83357,"date":"2019-02-12T17:56:59","date_gmt":"2019-02-12T15:56:59","guid":{"rendered":"https:\/\/www.kolibica.com\/product\/keule-fuer-honig\/"},"modified":"2023-02-20T10:48:30","modified_gmt":"2023-02-20T08:48:30","slug":"keule-fuer-honig-aus-holz","status":"publish","type":"product","link":"https:\/\/www.kolibica.com\/de\/produkt\/keule-fuer-honig-aus-holz\/","title":{"rendered":"Keule f\u00fcr Honig aus Holz"},"content":{"rendered":"<p><strong>Keule f\u00fcr Honig aus Holz<\/strong>\u00a0ist aus <a href=\"https:\/\/www.kolibica.com\/de\/strukturelle-eigenschaften-und-verwendbarkeit-heimischer-holzarten\/\">Buchenholz<\/a> gefertigt. Dies ist ein sehr sch\u00f6ner, praktischer und beliebter Artikel. Sie konnten die Verwendung von Streitkolben in verschiedenen Kochshows im Fernsehen sehen. Der Griff des Streitkolbens kann mit Tampondruck oder Lasergravur gebrandet werden.<\/p>\n<p>Der Preis der Keule betr\u00e4gt 0,45 EUR. Bei gr\u00f6\u00dferen Mengen gew\u00e4hren wir einen zus\u00e4tzlichen Rabatt.<\/p>\n<p>&nbsp;<\/p>\n<p>&nbsp;<\/p>\n<p>&nbsp;<\/p>\n","protected":false},"excerpt":{"rendered":"<p>Keule f\u00fcr Honig aus Holz\u00a0ist aus Buchenholz gefertigt. Dies ist  [&#8230;]<\/p>\n","protected":false},"featured_media":75892,"template":"","meta":{"content-type":""},"product_brand":[],"product_cat":[134],"product_tag":[],"class_list":{"0":"post-83357","1":"product","2":"type-product","3":"status-publish","4":"has-post-thumbnail","6":"product_cat-holzzubehor-fur-die-kuche","8":"first","9":"instock","10":"shipping-taxable","11":"purchasable","12":"product-type-simple"},"aioseo_notices":[],"_links":{"self":[{"href":"https:\/\/www.kolibica.com\/de\/wp-json\/wp\/v2\/product\/83357","targetHints":{"allow":["GET"]}}],"collection":[{"href":"https:\/\/www.kolibica.com\/de\/wp-json\/wp\/v2\/product"}],"about":[{"href":"https:\/\/www.kolibica.com\/de\/wp-json\/wp\/v2\/types\/product"}],"wp:featuredmedia":[{"embeddable":true,"href":"https:\/\/www.kolibica.com\/de\/wp-json\/wp\/v2\/media\/75892"}],"wp:attachment":[{"href":"https:\/\/www.kolibica.com\/de\/wp-json\/wp\/v2\/media?parent=83357"}],"wp:term":[{"taxonomy":"product_brand","embeddable":true,"href":"https:\/\/www.kolibica.com\/de\/wp-json\/wp\/v2\/product_brand?post=83357"},{"taxonomy":"product_cat","embeddable":true,"href":"https:\/\/www.kolibica.com\/de\/wp-json\/wp\/v2\/product_cat?post=83357"},{"taxonomy":"product_tag","embeddable":true,"href":"https:\/\/www.kolibica.com\/de\/wp-json\/wp\/v2\/product_tag?post=83357"}],"curies":[{"name":"wp","href":"https:\/\/api.w.org\/{rel}","templated":true}]}}