{"id":83355,"date":"2019-02-12T18:15:47","date_gmt":"2019-02-12T16:15:47","guid":{"rendered":"https:\/\/www.kolibica.com\/product\/serviertabletts-aus-holz\/"},"modified":"2023-02-22T07:22:54","modified_gmt":"2023-02-22T05:22:54","slug":"serviertabletts-aus-holz","status":"publish","type":"product","link":"https:\/\/www.kolibica.com\/de\/produkt\/serviertabletts-aus-holz\/","title":{"rendered":"Serviertabletts aus Holz"},"content":{"rendered":"<p><strong>Serviertabletts aus Holz &#8211; Holztabletts<\/strong> werden speziell f\u00fcr die Bed\u00fcrfnisse von Kunden hergestellt, haupts\u00e4chlich aus der Lebensmittelindustrie sowie aus dem HORECA-Sektor.<br \/>\nHolztabletts werden in verschiedenen Formen hergestellt, mit Aussparungen entsprechend dem Zweck des Tabletts (f\u00fcr Flaschen, Gl\u00e4ser, Tassen, Zahnstocher, Kekse, Schalen&#8230;)<br \/>\nDer Preis f\u00fcr Holztabletts wird nach den Anforderungen des Kunden bestimmt.<br \/>\nServiertabletts aus Holz k\u00f6nnen auf Kundenwunsch graviert werden. Au\u00dferdem eignen sie sich sehr gut zum Bedrucken.<\/p>\n","protected":false},"excerpt":{"rendered":"<p>Serviertabletts aus Holz &#8211; Holztabletts werden speziell f\u00fcr die Bed\u00fcrfnisse  [&#8230;]<\/p>\n","protected":false},"featured_media":75900,"template":"","meta":{"content-type":""},"product_brand":[],"product_cat":[134],"product_tag":[],"class_list":{"0":"post-83355","1":"product","2":"type-product","3":"status-publish","4":"has-post-thumbnail","6":"product_cat-holzzubehor-fur-die-kuche","8":"first","9":"instock","10":"shipping-taxable","11":"product-type-simple"},"aioseo_notices":[],"_links":{"self":[{"href":"https:\/\/www.kolibica.com\/de\/wp-json\/wp\/v2\/product\/83355","targetHints":{"allow":["GET"]}}],"collection":[{"href":"https:\/\/www.kolibica.com\/de\/wp-json\/wp\/v2\/product"}],"about":[{"href":"https:\/\/www.kolibica.com\/de\/wp-json\/wp\/v2\/types\/product"}],"wp:featuredmedia":[{"embeddable":true,"href":"https:\/\/www.kolibica.com\/de\/wp-json\/wp\/v2\/media\/75900"}],"wp:attachment":[{"href":"https:\/\/www.kolibica.com\/de\/wp-json\/wp\/v2\/media?parent=83355"}],"wp:term":[{"taxonomy":"product_brand","embeddable":true,"href":"https:\/\/www.kolibica.com\/de\/wp-json\/wp\/v2\/product_brand?post=83355"},{"taxonomy":"product_cat","embeddable":true,"href":"https:\/\/www.kolibica.com\/de\/wp-json\/wp\/v2\/product_cat?post=83355"},{"taxonomy":"product_tag","embeddable":true,"href":"https:\/\/www.kolibica.com\/de\/wp-json\/wp\/v2\/product_tag?post=83355"}],"curies":[{"name":"wp","href":"https:\/\/api.w.org\/{rel}","templated":true}]}}