{"id":83354,"date":"2019-02-12T18:18:13","date_gmt":"2019-02-12T16:18:13","guid":{"rendered":"https:\/\/www.kolibica.com\/product\/taco-stand\/"},"modified":"2023-02-22T07:24:20","modified_gmt":"2023-02-22T05:24:20","slug":"taco-stand","status":"publish","type":"product","link":"https:\/\/www.kolibica.com\/de\/produkt\/taco-stand\/","title":{"rendered":"Taco-Stand"},"content":{"rendered":"<p><strong>Taco-Stand &#8211; Ein Tacost\u00e4nder aus Holz<\/strong> ist ein interessantes Detail in jeder K\u00fcche. Wenn Sie ein Fan der mexikanischen K\u00fcche sind, wird dieses liebevolle Detail Ihre G\u00e4ste angenehm \u00fcberraschen, wenn Sie ihnen auf diese Weise einen Taco statt auf einem Teller servieren.<\/p>\n<p>Der Tacohalter ist aus Buche.<\/p>\n<p>Taco-Stand preise:<\/p>\n<p>20-100 Stk. &#8211; 3,5 Eur<br \/>\n\u00fcber 100 stk. &#8211; 3 Eur<\/p>\n","protected":false},"excerpt":{"rendered":"<p>Taco-Stand &#8211; Ein Tacost\u00e4nder aus Holz ist ein interessantes Detail  [&#8230;]<\/p>\n","protected":false},"featured_media":75912,"template":"","meta":{"content-type":""},"product_brand":[],"product_cat":[134],"product_tag":[],"class_list":{"0":"post-83354","1":"product","2":"type-product","3":"status-publish","4":"has-post-thumbnail","6":"product_cat-holzzubehor-fur-die-kuche","8":"first","9":"instock","10":"shipping-taxable","11":"product-type-simple"},"aioseo_notices":[],"_links":{"self":[{"href":"https:\/\/www.kolibica.com\/de\/wp-json\/wp\/v2\/product\/83354","targetHints":{"allow":["GET"]}}],"collection":[{"href":"https:\/\/www.kolibica.com\/de\/wp-json\/wp\/v2\/product"}],"about":[{"href":"https:\/\/www.kolibica.com\/de\/wp-json\/wp\/v2\/types\/product"}],"wp:featuredmedia":[{"embeddable":true,"href":"https:\/\/www.kolibica.com\/de\/wp-json\/wp\/v2\/media\/75912"}],"wp:attachment":[{"href":"https:\/\/www.kolibica.com\/de\/wp-json\/wp\/v2\/media?parent=83354"}],"wp:term":[{"taxonomy":"product_brand","embeddable":true,"href":"https:\/\/www.kolibica.com\/de\/wp-json\/wp\/v2\/product_brand?post=83354"},{"taxonomy":"product_cat","embeddable":true,"href":"https:\/\/www.kolibica.com\/de\/wp-json\/wp\/v2\/product_cat?post=83354"},{"taxonomy":"product_tag","embeddable":true,"href":"https:\/\/www.kolibica.com\/de\/wp-json\/wp\/v2\/product_tag?post=83354"}],"curies":[{"name":"wp","href":"https:\/\/api.w.org\/{rel}","templated":true}]}}