{"id":83353,"date":"2019-02-12T18:20:22","date_gmt":"2019-02-12T16:20:22","guid":{"rendered":"https:\/\/www.kolibica.com\/product\/kochbuchstaender\/"},"modified":"2023-02-22T07:26:18","modified_gmt":"2023-02-22T05:26:18","slug":"kochbuchstaender","status":"publish","type":"product","link":"https:\/\/www.kolibica.com\/de\/produkt\/kochbuchstaender\/","title":{"rendered":"Kochbuchst\u00e4nder"},"content":{"rendered":"<p><strong>Kochbuchst\u00e4nder &#8211; Der St\u00e4nder f\u00fcr das Kochbuch<\/strong> ist aus <a href=\"https:\/\/www.kolibica.com\/de\/strukturelle-eigenschaften-und-verwendbarkeit-heimischer-holzarten\/\">Buche<\/a>. Der St\u00e4nder ist lackiert und kann in jeder gew\u00fcnschten Farbe gebeizt und lasergraviert werden.<\/p>\n<p><strong>Preise Kochbuchst\u00e4nder:<\/strong><\/p>\n<p>30-50 Stk. &#8211; 17,00 Eur<br \/>\n50-100 Stk. &#8211; 15,50 Eur<br \/>\n100-500 Stk. &#8211; 15,00 Eur<br \/>\n500-1000 Stk. &#8211; 13,50 Eur<br \/>\n\u00fcber 1000 stk. &#8211; 12,90 Eur<\/p>\n","protected":false},"excerpt":{"rendered":"<p>Kochbuchst\u00e4nder &#8211; Der St\u00e4nder f\u00fcr das Kochbuch ist aus Buche.  [&#8230;]<\/p>\n","protected":false},"featured_media":75916,"template":"","meta":{"content-type":""},"product_brand":[],"product_cat":[134],"product_tag":[],"class_list":{"0":"post-83353","1":"product","2":"type-product","3":"status-publish","4":"has-post-thumbnail","6":"product_cat-holzzubehor-fur-die-kuche","8":"first","9":"instock","10":"shipping-taxable","11":"product-type-simple"},"aioseo_notices":[],"_links":{"self":[{"href":"https:\/\/www.kolibica.com\/de\/wp-json\/wp\/v2\/product\/83353","targetHints":{"allow":["GET"]}}],"collection":[{"href":"https:\/\/www.kolibica.com\/de\/wp-json\/wp\/v2\/product"}],"about":[{"href":"https:\/\/www.kolibica.com\/de\/wp-json\/wp\/v2\/types\/product"}],"wp:featuredmedia":[{"embeddable":true,"href":"https:\/\/www.kolibica.com\/de\/wp-json\/wp\/v2\/media\/75916"}],"wp:attachment":[{"href":"https:\/\/www.kolibica.com\/de\/wp-json\/wp\/v2\/media?parent=83353"}],"wp:term":[{"taxonomy":"product_brand","embeddable":true,"href":"https:\/\/www.kolibica.com\/de\/wp-json\/wp\/v2\/product_brand?post=83353"},{"taxonomy":"product_cat","embeddable":true,"href":"https:\/\/www.kolibica.com\/de\/wp-json\/wp\/v2\/product_cat?post=83353"},{"taxonomy":"product_tag","embeddable":true,"href":"https:\/\/www.kolibica.com\/de\/wp-json\/wp\/v2\/product_tag?post=83353"}],"curies":[{"name":"wp","href":"https:\/\/api.w.org\/{rel}","templated":true}]}}