{"id":83346,"date":"2019-02-12T18:44:56","date_gmt":"2019-02-12T16:44:56","guid":{"rendered":"https:\/\/www.kolibica.com\/product\/regiestuehle\/"},"modified":"2023-02-27T08:20:15","modified_gmt":"2023-02-27T06:20:15","slug":"regiestuhle","status":"publish","type":"product","link":"https:\/\/www.kolibica.com\/de\/produkt\/regiestuhle\/","title":{"rendered":"Regiest\u00fchle"},"content":{"rendered":"<p><strong>Regiest\u00fchle<\/strong> sind sehr beliebt, denn sie bieten Komfort beim langen Sitzen, sie sind klappbar und leicht zu transportieren und sehr langlebig. Sie bestehen aus trockener Wei\u00dfbuche. Sie werden standardm\u00e4\u00dfig in einer nat\u00fcrlichen Farbe hergestellt, die f\u00fcr diese St\u00fchle am besten geeignet ist, obwohl das Holz auch in der vom Kunden gew\u00e4hlten Farbe get\u00f6nt werden kann. Die Farbe der Leinwand kann sein: wei\u00df, ocker, rot, blau oder schwarz. Die Leinwand ist von hoher Qualit\u00e4t und langlebig, fast nicht dehnbar.<\/p>\n<p>Da die St\u00fchle einfach zusammenklappbar sind, k\u00f6nnen sie an Ihre Wohnadresse geliefert werden. Der Preis f\u00fcr den Transport auf dem Territorium Serbiens f\u00fcr einen oder zwei Regiest\u00fchle betr\u00e4gt etwa 700 Dinar per Kurierdienst. Bei einer gr\u00f6\u00dferen Anzahl an St\u00fchlen kann dieser Preis deutlich niedriger ausfallen.<\/p>\n","protected":false},"excerpt":{"rendered":"<p>Regiest\u00fchle sind sehr beliebt, denn sie bieten Komfort beim langen  [&#8230;]<\/p>\n","protected":false},"featured_media":75924,"template":"","meta":{"content-type":""},"product_brand":[],"product_cat":[140,141,139],"product_tag":[],"class_list":{"0":"post-83346","1":"product","2":"type-product","3":"status-publish","4":"has-post-thumbnail","6":"product_cat-gartenmobel","7":"product_cat-holzstuhle","8":"product_cat-mobel","10":"first","11":"instock","12":"shipping-taxable","13":"purchasable","14":"product-type-simple"},"aioseo_notices":[],"_links":{"self":[{"href":"https:\/\/www.kolibica.com\/de\/wp-json\/wp\/v2\/product\/83346","targetHints":{"allow":["GET"]}}],"collection":[{"href":"https:\/\/www.kolibica.com\/de\/wp-json\/wp\/v2\/product"}],"about":[{"href":"https:\/\/www.kolibica.com\/de\/wp-json\/wp\/v2\/types\/product"}],"wp:featuredmedia":[{"embeddable":true,"href":"https:\/\/www.kolibica.com\/de\/wp-json\/wp\/v2\/media\/75924"}],"wp:attachment":[{"href":"https:\/\/www.kolibica.com\/de\/wp-json\/wp\/v2\/media?parent=83346"}],"wp:term":[{"taxonomy":"product_brand","embeddable":true,"href":"https:\/\/www.kolibica.com\/de\/wp-json\/wp\/v2\/product_brand?post=83346"},{"taxonomy":"product_cat","embeddable":true,"href":"https:\/\/www.kolibica.com\/de\/wp-json\/wp\/v2\/product_cat?post=83346"},{"taxonomy":"product_tag","embeddable":true,"href":"https:\/\/www.kolibica.com\/de\/wp-json\/wp\/v2\/product_tag?post=83346"}],"curies":[{"name":"wp","href":"https:\/\/api.w.org\/{rel}","templated":true}]}}