{"id":83154,"date":"2019-02-12T20:15:34","date_gmt":"2019-02-12T18:15:34","guid":{"rendered":"https:\/\/www.kolibica.com\/product\/liegestuhl-ligestul\/"},"modified":"2023-02-27T08:24:22","modified_gmt":"2023-02-27T06:24:22","slug":"liegestuhl","status":"publish","type":"product","link":"https:\/\/www.kolibica.com\/de\/produkt\/liegestuhl\/","title":{"rendered":"Liegestuhl"},"content":{"rendered":"<p><strong>Liegestuhl<\/strong> ist ein Stuhl mit einem Holzrahmen, der sich durch einen guten Schutz vor \u00e4u\u00dferen Einfl\u00fcssen (Regen, Wind, Sonne) auszeichnet, um so langlebig wie m\u00f6glich zu sein, da er dazu bestimmt ist, am Strand oder am Pool zu stehen. Die Sitzfl\u00e4che besteht aus hochwertigem, kaum dehnbarem Kunstsegeltuch, das kein Wasser aufnimmt. Standard-Sessel aus unserer Produktion haben 3 R\u00fcckenlehnenpositionen sowie Armlehnen.<\/p>\n<p><strong>&#8222;Liegeshtul&#8220;<\/strong> ist zum Ausruhen und Faulenzen bestimmt, haupts\u00e4chlich an Str\u00e4nden oder Kreuzfahrtschiffen. Es wird auch in Restaurantg\u00e4rten sowie zum Entspannen am Pool verwendet. Er ist zusammenklappbar und sehr leicht zum Tragen sowie f\u00fcr einen l\u00e4ngeren Transport, sodass Sie diese St\u00fchle auch in den Urlaub mitnehmen k\u00f6nnen.<br \/>\nEine gro\u00dfe Anzahl von Hotels und Restaurants an den Str\u00e4nden der montenegrinischen K\u00fcste haben sich f\u00fcr unsere Ligeshtula-Modelle entschieden, da sie sich als sehr langlebig und langlebig erwiesen haben. Wenn der Kunde es w\u00fcnscht, besteht die M\u00f6glichkeit, das Logo auf die Leinwand zu drucken oder das Emblem zu n\u00e4hen. Lige\u0161tuli werden in einer nat\u00fcrlichen Farbe hergestellt, k\u00f6nnen aber auf Wunsch des Kunden in einer anderen Variante hergestellt werden. Auch die Farbe der Leinwand ist Sache des Kunden, wenn es um gr\u00f6\u00dfere Mengen geht.<\/p>\n<p>Der Preis f\u00fcr Ligestul betr\u00e4gt 32 Euro. Diese St\u00fchle sind leicht zu transportieren, sodass wir sie an Ihre Privatadresse liefern k\u00f6nnen. Der Preis f\u00fcr den Transport auf dem Territorium Serbiens betr\u00e4gt etwa 700 Dinar per Kurierdienst. Bei einer gr\u00f6\u00dferen Anzahl an St\u00fchlen kann dieser Preis deutlich niedriger ausfallen.<\/p>\n","protected":false},"excerpt":{"rendered":"<p>Liegestuhl ist ein Stuhl mit einem Holzrahmen, der sich durch  [&#8230;]<\/p>\n","protected":false},"featured_media":76020,"template":"","meta":{"content-type":""},"product_brand":[],"product_cat":[140,141,139],"product_tag":[],"class_list":{"0":"post-83154","1":"product","2":"type-product","3":"status-publish","4":"has-post-thumbnail","6":"product_cat-gartenmobel","7":"product_cat-holzstuhle","8":"product_cat-mobel","10":"first","11":"instock","12":"shipping-taxable","13":"purchasable","14":"product-type-simple"},"aioseo_notices":[],"_links":{"self":[{"href":"https:\/\/www.kolibica.com\/de\/wp-json\/wp\/v2\/product\/83154","targetHints":{"allow":["GET"]}}],"collection":[{"href":"https:\/\/www.kolibica.com\/de\/wp-json\/wp\/v2\/product"}],"about":[{"href":"https:\/\/www.kolibica.com\/de\/wp-json\/wp\/v2\/types\/product"}],"wp:featuredmedia":[{"embeddable":true,"href":"https:\/\/www.kolibica.com\/de\/wp-json\/wp\/v2\/media\/76020"}],"wp:attachment":[{"href":"https:\/\/www.kolibica.com\/de\/wp-json\/wp\/v2\/media?parent=83154"}],"wp:term":[{"taxonomy":"product_brand","embeddable":true,"href":"https:\/\/www.kolibica.com\/de\/wp-json\/wp\/v2\/product_brand?post=83154"},{"taxonomy":"product_cat","embeddable":true,"href":"https:\/\/www.kolibica.com\/de\/wp-json\/wp\/v2\/product_cat?post=83154"},{"taxonomy":"product_tag","embeddable":true,"href":"https:\/\/www.kolibica.com\/de\/wp-json\/wp\/v2\/product_tag?post=83154"}],"curies":[{"name":"wp","href":"https:\/\/api.w.org\/{rel}","templated":true}]}}