{"id":83152,"date":"2019-02-12T23:12:06","date_gmt":"2019-02-12T21:12:06","guid":{"rendered":"https:\/\/www.kolibica.com\/product\/tische-fuer-restaurants-auf-einer-saeule\/"},"modified":"2023-02-27T08:40:18","modified_gmt":"2023-02-27T06:40:18","slug":"tische-fur-restaurants-auf-einer-saule","status":"publish","type":"product","link":"https:\/\/www.kolibica.com\/de\/produkt\/tische-fur-restaurants-auf-einer-saule\/","title":{"rendered":"Tische f\u00fcr Restaurants auf einer S\u00e4ule"},"content":{"rendered":"<p><strong>Tische f\u00fcr Restaurants auf einer S\u00e4ule &#8211; Caf\u00e9 &#8211;<\/strong> und <strong>Restauranttische<\/strong> auf einer oder zwei S\u00e4ulen sind aus massiver <a href=\"https:\/\/www.kolibica.com\/de\/strukturelle-eigenschaften-und-verwendbarkeit-heimischer-holzarten\/\">Buche<\/a>. Die Dicke der Platte betr\u00e4gt 3 oder 4 cm, und die Gr\u00f6\u00dfe des Tisches wird nach den Bed\u00fcrfnissen der Kunden bestimmt. Diese Tische werden je nach Gr\u00f6\u00dfe der Platte auf einer oder zwei S\u00e4ulen hergestellt. Sie passen perfekt zu allen unseren Restaurantstuhlmodellen. Die H\u00f6he des Tisches betr\u00e4gt 74 cm.<\/p>\n<p>Der Preis der Tische h\u00e4ngt von der Gr\u00f6\u00dfe der Tafel ab.<\/p>\n<p>60&#215;60 cm &#8211; 85 Eur<br \/>\n70&#215;70 cm &#8211; 100 Eur<br \/>\n80&#215;80 cm &#8211; 120 Eur<\/p>\n<p>&nbsp;<\/p>\n","protected":false},"excerpt":{"rendered":"<p>Tische f\u00fcr Restaurants auf einer S\u00e4ule &#8211; Caf\u00e9 &#8211; und  [&#8230;]<\/p>\n","protected":false},"featured_media":76080,"template":"","meta":{"content-type":""},"product_brand":[],"product_cat":[139,142],"product_tag":[],"class_list":{"0":"post-83152","1":"product","2":"type-product","3":"status-publish","4":"has-post-thumbnail","6":"product_cat-mobel","7":"product_cat-tische","9":"first","10":"instock","11":"shipping-taxable","12":"purchasable","13":"product-type-simple"},"aioseo_notices":[],"_links":{"self":[{"href":"https:\/\/www.kolibica.com\/de\/wp-json\/wp\/v2\/product\/83152","targetHints":{"allow":["GET"]}}],"collection":[{"href":"https:\/\/www.kolibica.com\/de\/wp-json\/wp\/v2\/product"}],"about":[{"href":"https:\/\/www.kolibica.com\/de\/wp-json\/wp\/v2\/types\/product"}],"wp:featuredmedia":[{"embeddable":true,"href":"https:\/\/www.kolibica.com\/de\/wp-json\/wp\/v2\/media\/76080"}],"wp:attachment":[{"href":"https:\/\/www.kolibica.com\/de\/wp-json\/wp\/v2\/media?parent=83152"}],"wp:term":[{"taxonomy":"product_brand","embeddable":true,"href":"https:\/\/www.kolibica.com\/de\/wp-json\/wp\/v2\/product_brand?post=83152"},{"taxonomy":"product_cat","embeddable":true,"href":"https:\/\/www.kolibica.com\/de\/wp-json\/wp\/v2\/product_cat?post=83152"},{"taxonomy":"product_tag","embeddable":true,"href":"https:\/\/www.kolibica.com\/de\/wp-json\/wp\/v2\/product_tag?post=83152"}],"curies":[{"name":"wp","href":"https:\/\/api.w.org\/{rel}","templated":true}]}}