{"id":83150,"date":"2019-02-12T23:27:23","date_gmt":"2019-02-12T21:27:23","guid":{"rendered":"https:\/\/www.kolibica.com\/product\/tische-fuer-restaurants\/"},"modified":"2023-02-27T08:34:49","modified_gmt":"2023-02-27T06:34:49","slug":"tische-fur-restaurants-auf-einer-spalte-2","status":"publish","type":"product","link":"https:\/\/www.kolibica.com\/de\/produkt\/tische-fur-restaurants-auf-einer-spalte-2\/","title":{"rendered":"Tische f\u00fcr Restaurants"},"content":{"rendered":"<p><strong>Tische f\u00fcr Restaurants &#8211; Caf\u00e9<\/strong> und <strong>Restauranttische <\/strong> sind aus massiver <a href=\"https:\/\/www.kolibica.com\/de\/strukturelle-eigenschaften-und-verwendbarkeit-heimischer-holzarten\/\">Buche<\/a>. Die Dicke der Platte betr\u00e4gt 3 oder 4 cm, und die Gr\u00f6\u00dfe des Tisches wird nach den Bed\u00fcrfnissen der Kunden bestimmt. Sie passen perfekt zu allen unseren Restaurantstuhlmodellen. Die H\u00f6he des Tisches betr\u00e4gt 74 cm.<\/p>\n<p>Der Preis der Tische h\u00e4ngt von der Gr\u00f6\u00dfe der Tafel ab.<\/p>\n<p>60&#215;60 cm &#8211; 85 Eur<br \/>\n70&#215;70 cm &#8211; 100 Eur<br \/>\n80&#215;80 cm &#8211; 120 Eur<br \/>\n90&#215;90 cm &#8211; 130 Eur<br \/>\n100&#215;100 cm &#8211; 140 Eur<\/p>\n<p>&nbsp;<\/p>\n","protected":false},"excerpt":{"rendered":"<p>Tische f\u00fcr Restaurants &#8211; Caf\u00e9 und Restauranttische sind aus massiver  [&#8230;]<\/p>\n","protected":false},"featured_media":76116,"template":"","meta":{"content-type":""},"product_brand":[],"product_cat":[139,142],"product_tag":[],"class_list":{"0":"post-83150","1":"product","2":"type-product","3":"status-publish","4":"has-post-thumbnail","6":"product_cat-mobel","7":"product_cat-tische","9":"first","10":"instock","11":"shipping-taxable","12":"purchasable","13":"product-type-simple"},"aioseo_notices":[],"_links":{"self":[{"href":"https:\/\/www.kolibica.com\/de\/wp-json\/wp\/v2\/product\/83150","targetHints":{"allow":["GET"]}}],"collection":[{"href":"https:\/\/www.kolibica.com\/de\/wp-json\/wp\/v2\/product"}],"about":[{"href":"https:\/\/www.kolibica.com\/de\/wp-json\/wp\/v2\/types\/product"}],"wp:featuredmedia":[{"embeddable":true,"href":"https:\/\/www.kolibica.com\/de\/wp-json\/wp\/v2\/media\/76116"}],"wp:attachment":[{"href":"https:\/\/www.kolibica.com\/de\/wp-json\/wp\/v2\/media?parent=83150"}],"wp:term":[{"taxonomy":"product_brand","embeddable":true,"href":"https:\/\/www.kolibica.com\/de\/wp-json\/wp\/v2\/product_brand?post=83150"},{"taxonomy":"product_cat","embeddable":true,"href":"https:\/\/www.kolibica.com\/de\/wp-json\/wp\/v2\/product_cat?post=83150"},{"taxonomy":"product_tag","embeddable":true,"href":"https:\/\/www.kolibica.com\/de\/wp-json\/wp\/v2\/product_tag?post=83150"}],"curies":[{"name":"wp","href":"https:\/\/api.w.org\/{rel}","templated":true}]}}