{"id":83149,"date":"2019-02-12T23:44:51","date_gmt":"2019-02-12T21:44:51","guid":{"rendered":"https:\/\/www.kolibica.com\/product\/stuehle-fuer-restaurants\/"},"modified":"2023-02-27T08:32:47","modified_gmt":"2023-02-27T06:32:47","slug":"stuhle-fur-restaurants","status":"publish","type":"product","link":"https:\/\/www.kolibica.com\/de\/produkt\/stuhle-fur-restaurants\/","title":{"rendered":"St\u00fchle f\u00fcr Restaurants"},"content":{"rendered":"<p><strong>St\u00fchle f\u00fcr Restaurants<\/strong> sind sehr beliebt, da sie den antiken St\u00fchlen, die fr\u00fcher in jedem Caf\u00e9 zu finden waren, sehr \u00e4hnlich sehen.<\/p>\n<p>Dies ist ein neu gestaltetes Modell dieses Stuhls, das auf neue Designtrends abgestimmt ist. Der Stuhl ist auf jeder Seite mit zwei Querholzst\u00e4ben mit einer Dicke von 20 mm verst\u00e4rkt, was ihm eine au\u00dfergew\u00f6hnliche Festigkeit und Stabilit\u00e4t verleiht. Die R\u00fcckenlehne ist leicht nach hinten geneigt, f\u00fcr bequemeres Sitzen, da die St\u00fchle f\u00fcr Restaurants gedacht sind. Die St\u00fchle bestehen aus ged\u00e4mpfter Buche und sind mit Schrauben verbunden. Die St\u00fchle k\u00f6nnen in der vom Kunden gew\u00e4hlten Farbe ausgef\u00fchrt werden.<\/p>\n<p>&nbsp;<\/p>\n","protected":false},"excerpt":{"rendered":"<p>St\u00fchle f\u00fcr Restaurants sind sehr beliebt, da sie den antiken  [&#8230;]<\/p>\n","protected":false},"featured_media":76128,"template":"","meta":{"content-type":""},"product_brand":[],"product_cat":[141,139],"product_tag":[],"class_list":{"0":"post-83149","1":"product","2":"type-product","3":"status-publish","4":"has-post-thumbnail","6":"product_cat-holzstuhle","7":"product_cat-mobel","9":"first","10":"instock","11":"shipping-taxable","12":"purchasable","13":"product-type-simple"},"aioseo_notices":[],"_links":{"self":[{"href":"https:\/\/www.kolibica.com\/de\/wp-json\/wp\/v2\/product\/83149","targetHints":{"allow":["GET"]}}],"collection":[{"href":"https:\/\/www.kolibica.com\/de\/wp-json\/wp\/v2\/product"}],"about":[{"href":"https:\/\/www.kolibica.com\/de\/wp-json\/wp\/v2\/types\/product"}],"wp:featuredmedia":[{"embeddable":true,"href":"https:\/\/www.kolibica.com\/de\/wp-json\/wp\/v2\/media\/76128"}],"wp:attachment":[{"href":"https:\/\/www.kolibica.com\/de\/wp-json\/wp\/v2\/media?parent=83149"}],"wp:term":[{"taxonomy":"product_brand","embeddable":true,"href":"https:\/\/www.kolibica.com\/de\/wp-json\/wp\/v2\/product_brand?post=83149"},{"taxonomy":"product_cat","embeddable":true,"href":"https:\/\/www.kolibica.com\/de\/wp-json\/wp\/v2\/product_cat?post=83149"},{"taxonomy":"product_tag","embeddable":true,"href":"https:\/\/www.kolibica.com\/de\/wp-json\/wp\/v2\/product_tag?post=83149"}],"curies":[{"name":"wp","href":"https:\/\/api.w.org\/{rel}","templated":true}]}}