{"id":83148,"date":"2019-02-13T00:13:47","date_gmt":"2019-02-12T22:13:47","guid":{"rendered":"https:\/\/www.kolibica.com\/product\/barhocker-taverna\/"},"modified":"2023-02-27T09:06:23","modified_gmt":"2023-02-27T07:06:23","slug":"barhocker-taverna","status":"publish","type":"product","link":"https:\/\/www.kolibica.com\/de\/produkt\/barhocker-taverna\/","title":{"rendered":"Barhocker Taverna"},"content":{"rendered":"<p><strong>Barhocker Taverna\u00a0<\/strong>sind elegant und rustikal. sie sind aus <a title=\"Buche\" href=\"https:\/\/www.kolibica.com\/de\/strukturelle-eigenschaften-und-verwendbarkeit-heimischer-holzarten\/\">Buche<\/a>. Diese St\u00fchle werden mit drei Querlatten in der R\u00fcckenlehne hergestellt.<\/p>\n<p>Die Farbe der St\u00fchle k\u00f6nnen Sie nach den in Ihrem Restaurant oder Caf\u00e9 vorherrschenden T\u00f6nen w\u00e4hlen. Dieser Barhocker passt am besten zu Taverna Restaurantst\u00fchlen.<\/p>\n<p>Bei gr\u00f6\u00dferen Mengen an St\u00fchlen gew\u00e4hren wir einen Beteiligungsrabatt.<\/p>\n","protected":false},"excerpt":{"rendered":"<p>Barhocker Taverna\u00a0sind elegant und rustikal. sie sind aus Buche. Diese  [&#8230;]<\/p>\n","protected":false},"featured_media":76144,"template":"","meta":{"content-type":""},"product_brand":[],"product_cat":[141,139],"product_tag":[],"class_list":{"0":"post-83148","1":"product","2":"type-product","3":"status-publish","4":"has-post-thumbnail","6":"product_cat-holzstuhle","7":"product_cat-mobel","9":"first","10":"instock","11":"shipping-taxable","12":"purchasable","13":"product-type-simple"},"aioseo_notices":[],"_links":{"self":[{"href":"https:\/\/www.kolibica.com\/de\/wp-json\/wp\/v2\/product\/83148","targetHints":{"allow":["GET"]}}],"collection":[{"href":"https:\/\/www.kolibica.com\/de\/wp-json\/wp\/v2\/product"}],"about":[{"href":"https:\/\/www.kolibica.com\/de\/wp-json\/wp\/v2\/types\/product"}],"wp:featuredmedia":[{"embeddable":true,"href":"https:\/\/www.kolibica.com\/de\/wp-json\/wp\/v2\/media\/76144"}],"wp:attachment":[{"href":"https:\/\/www.kolibica.com\/de\/wp-json\/wp\/v2\/media?parent=83148"}],"wp:term":[{"taxonomy":"product_brand","embeddable":true,"href":"https:\/\/www.kolibica.com\/de\/wp-json\/wp\/v2\/product_brand?post=83148"},{"taxonomy":"product_cat","embeddable":true,"href":"https:\/\/www.kolibica.com\/de\/wp-json\/wp\/v2\/product_cat?post=83148"},{"taxonomy":"product_tag","embeddable":true,"href":"https:\/\/www.kolibica.com\/de\/wp-json\/wp\/v2\/product_tag?post=83148"}],"curies":[{"name":"wp","href":"https:\/\/api.w.org\/{rel}","templated":true}]}}