{"id":83147,"date":"2019-02-13T00:18:51","date_gmt":"2019-02-12T22:18:51","guid":{"rendered":"https:\/\/www.kolibica.com\/product\/porto-restaurantstuehle\/"},"modified":"2023-02-27T09:05:07","modified_gmt":"2023-02-27T07:05:07","slug":"restaurantstuehle-porto","status":"publish","type":"product","link":"https:\/\/www.kolibica.com\/de\/produkt\/restaurantstuehle-porto\/","title":{"rendered":"Restaurantst\u00fchle Porto"},"content":{"rendered":"<p><strong>Restaurantst\u00fchle Porto<\/strong> \u00a0sind wegen ihrer eleganten Schlichtheit sehr beliebt. Der Stuhl ist auf jeder Seite mit Querholzst\u00e4ben verst\u00e4rkt, was ihm au\u00dfergew\u00f6hnliche Festigkeit und Stabilit\u00e4t verleiht. Die R\u00fcckenlehne ist leicht nach hinten geneigt, f\u00fcr bequemeres Sitzen, da die St\u00fchle f\u00fcr Restaurants gedacht sind. Die St\u00fchle sind aus <a href=\"https:\/\/www.kolibica.com\/de\/strukturelle-eigenschaften-und-verwendbarkeit-heimischer-holzarten\/\">Buche<\/a>.<\/p>\n<p>&nbsp;<\/p>\n<p>Bei gr\u00f6\u00dferen Mengen an St\u00fchlen gew\u00e4hren wir einen Beteiligungsrabatt.<\/p>\n","protected":false},"excerpt":{"rendered":"<p>Restaurantst\u00fchle Porto \u00a0sind wegen ihrer eleganten Schlichtheit sehr beliebt. Der  [&#8230;]<\/p>\n","protected":false},"featured_media":76152,"template":"","meta":{"content-type":""},"product_brand":[],"product_cat":[141,139],"product_tag":[],"class_list":{"0":"post-83147","1":"product","2":"type-product","3":"status-publish","4":"has-post-thumbnail","6":"product_cat-holzstuhle","7":"product_cat-mobel","9":"first","10":"instock","11":"shipping-taxable","12":"purchasable","13":"product-type-simple"},"aioseo_notices":[],"_links":{"self":[{"href":"https:\/\/www.kolibica.com\/de\/wp-json\/wp\/v2\/product\/83147","targetHints":{"allow":["GET"]}}],"collection":[{"href":"https:\/\/www.kolibica.com\/de\/wp-json\/wp\/v2\/product"}],"about":[{"href":"https:\/\/www.kolibica.com\/de\/wp-json\/wp\/v2\/types\/product"}],"wp:featuredmedia":[{"embeddable":true,"href":"https:\/\/www.kolibica.com\/de\/wp-json\/wp\/v2\/media\/76152"}],"wp:attachment":[{"href":"https:\/\/www.kolibica.com\/de\/wp-json\/wp\/v2\/media?parent=83147"}],"wp:term":[{"taxonomy":"product_brand","embeddable":true,"href":"https:\/\/www.kolibica.com\/de\/wp-json\/wp\/v2\/product_brand?post=83147"},{"taxonomy":"product_cat","embeddable":true,"href":"https:\/\/www.kolibica.com\/de\/wp-json\/wp\/v2\/product_cat?post=83147"},{"taxonomy":"product_tag","embeddable":true,"href":"https:\/\/www.kolibica.com\/de\/wp-json\/wp\/v2\/product_tag?post=83147"}],"curies":[{"name":"wp","href":"https:\/\/api.w.org\/{rel}","templated":true}]}}