{"id":83146,"date":"2019-02-13T00:25:47","date_gmt":"2019-02-12T22:25:47","guid":{"rendered":"https:\/\/www.kolibica.com\/product\/barhocker-ohne-rueckenlehne\/"},"modified":"2023-02-27T09:01:50","modified_gmt":"2023-02-27T07:01:50","slug":"barhocker-ohne-ruckenlehne","status":"publish","type":"product","link":"https:\/\/www.kolibica.com\/de\/produkt\/barhocker-ohne-ruckenlehne\/","title":{"rendered":"Barhocker ohne R\u00fcckenlehne"},"content":{"rendered":"<p><strong>Barhocker ohne R\u00fcckenlehne aus Holz <\/strong>sind aus ged\u00e4mpfter <a href=\"https:\/\/www.kolibica.com\/de\/strukturelle-eigenschaften-und-verwendbarkeit-heimischer-holzarten\/\">Buche<\/a>. Sie sind sehr praktisch f\u00fcr die Einrichtung von Caf\u00e9s, insbesondere zum Sitzen neben der Bar. Durch das trapezf\u00f6rmige Untergestell sind diese St\u00fchle sehr stabil. Die massive Sitzfl\u00e4che wird in zwei Varianten gefertigt, rund und eckig.<\/p>\n<p>Bei gr\u00f6\u00dferen Mengen an St\u00fchlen gew\u00e4hren wir einen Beteiligungsrabatt.<\/p>\n","protected":false},"excerpt":{"rendered":"<p>Barhocker ohne R\u00fcckenlehne aus Holz sind aus ged\u00e4mpfter Buche. Sie  [&#8230;]<\/p>\n","protected":false},"featured_media":76188,"template":"","meta":{"content-type":""},"product_brand":[],"product_cat":[141,139],"product_tag":[],"class_list":{"0":"post-83146","1":"product","2":"type-product","3":"status-publish","4":"has-post-thumbnail","6":"product_cat-holzstuhle","7":"product_cat-mobel","9":"first","10":"instock","11":"shipping-taxable","12":"purchasable","13":"product-type-simple"},"aioseo_notices":[],"_links":{"self":[{"href":"https:\/\/www.kolibica.com\/de\/wp-json\/wp\/v2\/product\/83146","targetHints":{"allow":["GET"]}}],"collection":[{"href":"https:\/\/www.kolibica.com\/de\/wp-json\/wp\/v2\/product"}],"about":[{"href":"https:\/\/www.kolibica.com\/de\/wp-json\/wp\/v2\/types\/product"}],"wp:featuredmedia":[{"embeddable":true,"href":"https:\/\/www.kolibica.com\/de\/wp-json\/wp\/v2\/media\/76188"}],"wp:attachment":[{"href":"https:\/\/www.kolibica.com\/de\/wp-json\/wp\/v2\/media?parent=83146"}],"wp:term":[{"taxonomy":"product_brand","embeddable":true,"href":"https:\/\/www.kolibica.com\/de\/wp-json\/wp\/v2\/product_brand?post=83146"},{"taxonomy":"product_cat","embeddable":true,"href":"https:\/\/www.kolibica.com\/de\/wp-json\/wp\/v2\/product_cat?post=83146"},{"taxonomy":"product_tag","embeddable":true,"href":"https:\/\/www.kolibica.com\/de\/wp-json\/wp\/v2\/product_tag?post=83146"}],"curies":[{"name":"wp","href":"https:\/\/api.w.org\/{rel}","templated":true}]}}