{"id":83145,"date":"2019-02-13T00:30:07","date_gmt":"2019-02-12T22:30:07","guid":{"rendered":"https:\/\/www.kolibica.com\/product\/barhocker\/"},"modified":"2023-02-27T08:59:25","modified_gmt":"2023-02-27T06:59:25","slug":"barhocker","status":"publish","type":"product","link":"https:\/\/www.kolibica.com\/de\/produkt\/barhocker\/","title":{"rendered":"Barhocker"},"content":{"rendered":"<p><strong>Barhocker<\/strong> sind aus ged\u00e4mpfter <a href=\"https:\/\/www.kolibica.com\/de\/strukturelle-eigenschaften-und-verwendbarkeit-heimischer-holzarten\/\">Buche<\/a> gefertigt und zeichnen sich durch au\u00dfergew\u00f6hnliche Festigkeit aus. Zus\u00e4tzliche Stabilit\u00e4t erhalten die St\u00fchle durch Querholzverbindungen mit einer St\u00e4rke von 20 mm. Die R\u00fcckseite des Barhockers kann zwei oder drei Querlatten haben.<\/p>\n<p>Bei gr\u00f6\u00dferen Mengen an St\u00fchlen gew\u00e4hren wir einen Beteiligungsrabatt.<\/p>\n","protected":false},"excerpt":{"rendered":"<p>Barhocker sind aus ged\u00e4mpfter Buche gefertigt und zeichnen sich durch  [&#8230;]<\/p>\n","protected":false},"featured_media":76196,"template":"","meta":{"content-type":""},"product_brand":[],"product_cat":[141,139],"product_tag":[],"class_list":{"0":"post-83145","1":"product","2":"type-product","3":"status-publish","4":"has-post-thumbnail","6":"product_cat-holzstuhle","7":"product_cat-mobel","9":"first","10":"instock","11":"shipping-taxable","12":"purchasable","13":"product-type-simple"},"aioseo_notices":[],"_links":{"self":[{"href":"https:\/\/www.kolibica.com\/de\/wp-json\/wp\/v2\/product\/83145","targetHints":{"allow":["GET"]}}],"collection":[{"href":"https:\/\/www.kolibica.com\/de\/wp-json\/wp\/v2\/product"}],"about":[{"href":"https:\/\/www.kolibica.com\/de\/wp-json\/wp\/v2\/types\/product"}],"wp:featuredmedia":[{"embeddable":true,"href":"https:\/\/www.kolibica.com\/de\/wp-json\/wp\/v2\/media\/76196"}],"wp:attachment":[{"href":"https:\/\/www.kolibica.com\/de\/wp-json\/wp\/v2\/media?parent=83145"}],"wp:term":[{"taxonomy":"product_brand","embeddable":true,"href":"https:\/\/www.kolibica.com\/de\/wp-json\/wp\/v2\/product_brand?post=83145"},{"taxonomy":"product_cat","embeddable":true,"href":"https:\/\/www.kolibica.com\/de\/wp-json\/wp\/v2\/product_cat?post=83145"},{"taxonomy":"product_tag","embeddable":true,"href":"https:\/\/www.kolibica.com\/de\/wp-json\/wp\/v2\/product_tag?post=83145"}],"curies":[{"name":"wp","href":"https:\/\/api.w.org\/{rel}","templated":true}]}}