{"id":83144,"date":"2019-02-13T00:54:02","date_gmt":"2019-02-12T22:54:02","guid":{"rendered":"https:\/\/www.kolibica.com\/product\/holzkisten-fuer-eine-weinflasche\/"},"modified":"2023-02-27T09:23:48","modified_gmt":"2023-02-27T07:23:48","slug":"holzkisten-fuer-eine-weinflasche","status":"publish","type":"product","link":"https:\/\/www.kolibica.com\/de\/produkt\/holzkisten-fuer-eine-weinflasche\/","title":{"rendered":"Holzkisten f\u00fcr eine Weinflasche"},"content":{"rendered":"<p><strong>Holzkisten f\u00fcr eine Weinflasch<\/strong>e sind aus Weichholz: Linde, <a href=\"https:\/\/www.kolibica.com\/de\/strukturelle-eigenschaften-und-verwendbarkeit-heimischer-holzarten\/\">Tanne<\/a> oder <a href=\"https:\/\/www.kolibica.com\/de\/strukturelle-eigenschaften-und-verwendbarkeit-heimischer-holzarten\/\">Fichte<\/a>. Diese Boxen haben in der Standardausf\u00fchrung einen Schiebedeckel mit zwei \u00d6ffnungen.<\/p>\n<p>Innenma\u00dfe der Standardkisten f\u00fcr eine Weinflasche: 345 x 80 x 80 mm, k\u00f6nnen aber nach Kundenwunsch ge\u00e4ndert werden.<\/p>\n","protected":false},"excerpt":{"rendered":"<p>Holzkisten f\u00fcr eine Weinflasche sind aus Weichholz: Linde, Tanne oder  [&#8230;]<\/p>\n","protected":false},"featured_media":76220,"template":"","meta":{"content-type":""},"product_brand":[],"product_cat":[127,130],"product_tag":[],"class_list":{"0":"post-83144","1":"product","2":"type-product","3":"status-publish","4":"has-post-thumbnail","6":"product_cat-verpackung-aus-holz","7":"product_cat-weinkisten","9":"first","10":"instock","11":"shipping-taxable","12":"purchasable","13":"product-type-simple"},"aioseo_notices":[],"_links":{"self":[{"href":"https:\/\/www.kolibica.com\/de\/wp-json\/wp\/v2\/product\/83144","targetHints":{"allow":["GET"]}}],"collection":[{"href":"https:\/\/www.kolibica.com\/de\/wp-json\/wp\/v2\/product"}],"about":[{"href":"https:\/\/www.kolibica.com\/de\/wp-json\/wp\/v2\/types\/product"}],"wp:featuredmedia":[{"embeddable":true,"href":"https:\/\/www.kolibica.com\/de\/wp-json\/wp\/v2\/media\/76220"}],"wp:attachment":[{"href":"https:\/\/www.kolibica.com\/de\/wp-json\/wp\/v2\/media?parent=83144"}],"wp:term":[{"taxonomy":"product_brand","embeddable":true,"href":"https:\/\/www.kolibica.com\/de\/wp-json\/wp\/v2\/product_brand?post=83144"},{"taxonomy":"product_cat","embeddable":true,"href":"https:\/\/www.kolibica.com\/de\/wp-json\/wp\/v2\/product_cat?post=83144"},{"taxonomy":"product_tag","embeddable":true,"href":"https:\/\/www.kolibica.com\/de\/wp-json\/wp\/v2\/product_tag?post=83144"}],"curies":[{"name":"wp","href":"https:\/\/api.w.org\/{rel}","templated":true}]}}