{"id":83143,"date":"2019-02-13T01:02:30","date_gmt":"2019-02-12T23:02:30","guid":{"rendered":"https:\/\/www.kolibica.com\/product\/holzkisten-fuer-drei-weinflaschen\/"},"modified":"2023-02-27T09:18:35","modified_gmt":"2023-02-27T07:18:35","slug":"holzkisten-fur-drei-weinflaschen","status":"publish","type":"product","link":"https:\/\/www.kolibica.com\/de\/produkt\/holzkisten-fur-drei-weinflaschen\/","title":{"rendered":"Holzkisten f\u00fcr drei Weinflaschen"},"content":{"rendered":"<p><strong>Holzkisten f\u00fcr drei Weinflaschen &#8211; Holzkisten f\u00fcr drei oder mehr Weinflaschen werden<\/strong> aus Weichholz hergestellt: Linde, <a href=\"https:\/\/www.kolibica.com\/de\/strukturelle-eigenschaften-und-verwendbarkeit-heimischer-holzarten\/\">Tanne<\/a> oder <a href=\"https:\/\/www.kolibica.com\/de\/strukturelle-eigenschaften-und-verwendbarkeit-heimischer-holzarten\/\">Fichte<\/a>. Diese Boxen haben in der Standardausf\u00fchrung einen Schiebedeckel, der komplett geschlossen werden kann oder mehrere \u00d6ffnungen hat. Sie sind sehr praktisch f\u00fcr Weing\u00fcter, die verwandte Weine aus ihrem Angebot verpacken m\u00f6chten, oder f\u00fcr Unternehmen, die ihren Partnern eine Reihe von Qualit\u00e4tsweinen pr\u00e4sentieren m\u00f6chten.<\/p>\n<p>Abmessungen der Standardkisten f\u00fcr zwei Weinflaschen: 365 x 245 x 90 mm.<\/p>\n<p>Preise der Holzkisten f\u00fcr drei Weinflaschen:<br \/>\n30-50 St\u00fcck: 11,20 Eur<br \/>\n50-300 St\u00fcck: 10,80 Eur<br \/>\n300-1000 St\u00fcck: 10,40 Eur<br \/>\n\u00dcber 1000 St\u00fcck &#8211; Preis verhandelbar.<\/p>\n<p>.<\/p>\n<p><strong>Anmerkungen:<\/strong><\/p>\n<p>Die Gravur ist nicht im Preis inbegriffen.<br \/>\nAuf Wunsch des Kunden bringen wir ein Logo oder einen anderen Text per Laserdruck und CNC (Maschinenholzschnitzerei) auf die Produkte auf.<br \/>\nProduktabmessungen sind nicht festgelegt<\/p>\n","protected":false},"excerpt":{"rendered":"<p>Holzkisten f\u00fcr drei Weinflaschen &#8211; Holzkisten f\u00fcr drei oder mehr  [&#8230;]<\/p>\n","protected":false},"featured_media":76256,"template":"","meta":{"content-type":""},"product_brand":[],"product_cat":[127,130],"product_tag":[],"class_list":{"0":"post-83143","1":"product","2":"type-product","3":"status-publish","4":"has-post-thumbnail","6":"product_cat-verpackung-aus-holz","7":"product_cat-weinkisten","9":"first","10":"instock","11":"shipping-taxable","12":"purchasable","13":"product-type-simple"},"aioseo_notices":[],"_links":{"self":[{"href":"https:\/\/www.kolibica.com\/de\/wp-json\/wp\/v2\/product\/83143","targetHints":{"allow":["GET"]}}],"collection":[{"href":"https:\/\/www.kolibica.com\/de\/wp-json\/wp\/v2\/product"}],"about":[{"href":"https:\/\/www.kolibica.com\/de\/wp-json\/wp\/v2\/types\/product"}],"wp:featuredmedia":[{"embeddable":true,"href":"https:\/\/www.kolibica.com\/de\/wp-json\/wp\/v2\/media\/76256"}],"wp:attachment":[{"href":"https:\/\/www.kolibica.com\/de\/wp-json\/wp\/v2\/media?parent=83143"}],"wp:term":[{"taxonomy":"product_brand","embeddable":true,"href":"https:\/\/www.kolibica.com\/de\/wp-json\/wp\/v2\/product_brand?post=83143"},{"taxonomy":"product_cat","embeddable":true,"href":"https:\/\/www.kolibica.com\/de\/wp-json\/wp\/v2\/product_cat?post=83143"},{"taxonomy":"product_tag","embeddable":true,"href":"https:\/\/www.kolibica.com\/de\/wp-json\/wp\/v2\/product_tag?post=83143"}],"curies":[{"name":"wp","href":"https:\/\/api.w.org\/{rel}","templated":true}]}}