{"id":83140,"date":"2019-02-13T15:35:05","date_gmt":"2019-02-13T13:35:05","guid":{"rendered":"https:\/\/www.kolibica.com\/product\/holzkisten-fuer-zwei-flaschen-wein-und-zwei-glaeser\/"},"modified":"2023-02-27T09:14:11","modified_gmt":"2023-02-27T07:14:11","slug":"holzkisten-fuer-zwei-flaschen-wein-und-zwei-glaeser","status":"publish","type":"product","link":"https:\/\/www.kolibica.com\/de\/produkt\/holzkisten-fuer-zwei-flaschen-wein-und-zwei-glaeser\/","title":{"rendered":"Holzkisten f\u00fcr zwei Flaschen Wein und zwei Gl\u00e4ser"},"content":{"rendered":"<p><strong>Holzkisten f\u00fcr zwei Flaschen Wein und zwei Gl\u00e4ser<\/strong> sind aus weichem Holz: Linde, <a href=\"https:\/\/www.kolibica.com\/de\/strukturelle-eigenschaften-und-verwendbarkeit-heimischer-holzarten\/\">Tanne<\/a> oder <a href=\"https:\/\/www.kolibica.com\/de\/strukturelle-eigenschaften-und-verwendbarkeit-heimischer-holzarten\/\">Fichte<\/a>. Diese Boxen \u00f6ffnen sich wie ein Koffer und sind sehr praktisch zu tragen, da sie einen Griff haben und innen mit Schaumstoff oder Kork ausgekleidet sind. Als Geschenk sind sie sehr praktisch, vor allem dann, wenn der Beschenkte den Wein richtig genie\u00dfen soll \u2013 nat\u00fcrlich in Gesellschaft.<\/p>\n<p><strong>Die Abmessungen der Boxen f\u00fcr 1 Weinflasche und 2 Gl\u00e4ser betragen:<\/strong> 325x160x160 mm.<\/p>\n<p>Preise der Holzkisten f\u00fcr zwei Weinflaschen:<br \/>\n30-50 St\u00fcck: 22,70 Eur<br \/>\n50-300 St\u00fcck: 20,50 Eur<br \/>\n300-1000 St\u00fcck: 18,00 Eur<br \/>\nPreko 1000 St\u00fcck &#8211; Preis verhandelbar.<\/p>\n<p>Zwei Weingl\u00e4ser sind im Preis der Box enthalten.<\/p>\n<p>.<\/p>\n<p><strong>Anmerkungen:<\/strong><\/p>\n<p>Die Gravur ist nicht im Preis inbegriffen.<br \/>\nAuf Wunsch des Kunden bringen wir ein Logo oder einen anderen Text per Laserdruck und CNC (Maschinenholzschnitzerei) auf die Produkte auf.<br \/>\nProduktabmessungen sind nicht festgelegt<\/p>\n","protected":false},"excerpt":{"rendered":"<p>Holzkisten f\u00fcr zwei Flaschen Wein und zwei Gl\u00e4ser sind aus  [&#8230;]<\/p>\n","protected":false},"featured_media":76308,"template":"","meta":{"content-type":""},"product_brand":[],"product_cat":[127,130],"product_tag":[],"class_list":{"0":"post-83140","1":"product","2":"type-product","3":"status-publish","4":"has-post-thumbnail","6":"product_cat-verpackung-aus-holz","7":"product_cat-weinkisten","9":"first","10":"instock","11":"shipping-taxable","12":"purchasable","13":"product-type-simple"},"aioseo_notices":[],"_links":{"self":[{"href":"https:\/\/www.kolibica.com\/de\/wp-json\/wp\/v2\/product\/83140","targetHints":{"allow":["GET"]}}],"collection":[{"href":"https:\/\/www.kolibica.com\/de\/wp-json\/wp\/v2\/product"}],"about":[{"href":"https:\/\/www.kolibica.com\/de\/wp-json\/wp\/v2\/types\/product"}],"wp:featuredmedia":[{"embeddable":true,"href":"https:\/\/www.kolibica.com\/de\/wp-json\/wp\/v2\/media\/76308"}],"wp:attachment":[{"href":"https:\/\/www.kolibica.com\/de\/wp-json\/wp\/v2\/media?parent=83140"}],"wp:term":[{"taxonomy":"product_brand","embeddable":true,"href":"https:\/\/www.kolibica.com\/de\/wp-json\/wp\/v2\/product_brand?post=83140"},{"taxonomy":"product_cat","embeddable":true,"href":"https:\/\/www.kolibica.com\/de\/wp-json\/wp\/v2\/product_cat?post=83140"},{"taxonomy":"product_tag","embeddable":true,"href":"https:\/\/www.kolibica.com\/de\/wp-json\/wp\/v2\/product_tag?post=83140"}],"curies":[{"name":"wp","href":"https:\/\/api.w.org\/{rel}","templated":true}]}}