{"id":83139,"date":"2019-04-27T12:20:51","date_gmt":"2019-04-27T10:20:51","guid":{"rendered":"https:\/\/www.kolibica.com\/product\/barhocker-roma-x\/"},"modified":"2023-05-01T01:49:38","modified_gmt":"2023-04-30T23:49:38","slug":"barhocker-roma-x","status":"publish","type":"product","link":"https:\/\/www.kolibica.com\/de\/produkt\/barhocker-roma-x\/","title":{"rendered":"Barhocker Roma X"},"content":{"rendered":"<p><strong>Barhocker Roma X<\/strong> sind elegant und rustikal. sie sind aus buche. Die Lamellen an der R\u00fcckenlehne sind \u00fcberkreuzt und verleihen ein sehr attraktives Aussehen sowie Komfort.<\/p>\n<p>Die Farbe der St\u00fchle k\u00f6nnen Sie nach den in Ihrem Restaurant oder Caf\u00e9 vorherrschenden T\u00f6nen w\u00e4hlen. Dieser Barhocker passt am besten zu den <a href=\"https:\/\/www.kolibica.com\/de\/produkt\/restaurantstuehle-roma-x\/\">Roma X Restaurantst\u00fchlen<\/a>.<\/p>\n<p>Bei gr\u00f6\u00dferen Mengen an St\u00fchlen gew\u00e4hren wir einen Beteiligungsrabatt.<\/p>\n","protected":false},"excerpt":{"rendered":"<p>Barhocker Roma X sind elegant und rustikal. sie sind aus  [&#8230;]<\/p>\n","protected":false},"featured_media":76352,"template":"","meta":{"content-type":""},"product_brand":[],"product_cat":[141,139],"product_tag":[],"class_list":{"0":"post-83139","1":"product","2":"type-product","3":"status-publish","4":"has-post-thumbnail","6":"product_cat-holzstuhle","7":"product_cat-mobel","9":"first","10":"instock","11":"shipping-taxable","12":"purchasable","13":"product-type-simple"},"aioseo_notices":[],"_links":{"self":[{"href":"https:\/\/www.kolibica.com\/de\/wp-json\/wp\/v2\/product\/83139","targetHints":{"allow":["GET"]}}],"collection":[{"href":"https:\/\/www.kolibica.com\/de\/wp-json\/wp\/v2\/product"}],"about":[{"href":"https:\/\/www.kolibica.com\/de\/wp-json\/wp\/v2\/types\/product"}],"wp:featuredmedia":[{"embeddable":true,"href":"https:\/\/www.kolibica.com\/de\/wp-json\/wp\/v2\/media\/76352"}],"wp:attachment":[{"href":"https:\/\/www.kolibica.com\/de\/wp-json\/wp\/v2\/media?parent=83139"}],"wp:term":[{"taxonomy":"product_brand","embeddable":true,"href":"https:\/\/www.kolibica.com\/de\/wp-json\/wp\/v2\/product_brand?post=83139"},{"taxonomy":"product_cat","embeddable":true,"href":"https:\/\/www.kolibica.com\/de\/wp-json\/wp\/v2\/product_cat?post=83139"},{"taxonomy":"product_tag","embeddable":true,"href":"https:\/\/www.kolibica.com\/de\/wp-json\/wp\/v2\/product_tag?post=83139"}],"curies":[{"name":"wp","href":"https:\/\/api.w.org\/{rel}","templated":true}]}}