{"id":82633,"date":"2022-05-16T17:35:45","date_gmt":"2022-05-16T15:35:45","guid":{"rendered":"https:\/\/www.kolibica.com\/haeufig-gestellte-fragen\/"},"modified":"2023-04-19T17:24:34","modified_gmt":"2023-04-19T15:24:34","slug":"haeufig-gestellte-fragen","status":"publish","type":"page","link":"https:\/\/www.kolibica.com\/de\/haeufig-gestellte-fragen\/","title":{"rendered":"H\u00c4UFIG GESTELLTE FRAGEN"},"content":{"rendered":"<p><div class=\"fusion-fullwidth fullwidth-box fusion-builder-row-1 fusion-flex-container has-pattern-background has-mask-background nonhundred-percent-fullwidth non-hundred-percent-height-scrolling\" style=\"--awb-border-radius-top-left:0px;--awb-border-radius-top-right:0px;--awb-border-radius-bottom-right:0px;--awb-border-radius-bottom-left:0px;--awb-flex-wrap:wrap;\" ><div class=\"fusion-builder-row fusion-row fusion-flex-align-items-flex-start fusion-flex-content-wrap\" style=\"max-width:1248px;margin-left: calc(-4% \/ 2 );margin-right: calc(-4% \/ 2 );\"><div class=\"fusion-layout-column fusion_builder_column fusion-builder-column-0 fusion_builder_column_1_1 1_1 fusion-flex-column\" style=\"--awb-bg-size:cover;--awb-width-large:100%;--awb-margin-top-large:0px;--awb-spacing-right-large:1.92%;--awb-margin-bottom-large:20px;--awb-spacing-left-large:1.92%;--awb-width-medium:100%;--awb-order-medium:0;--awb-spacing-right-medium:1.92%;--awb-spacing-left-medium:1.92%;--awb-width-small:100%;--awb-order-small:0;--awb-spacing-right-small:1.92%;--awb-spacing-left-small:1.92%;\"><div class=\"fusion-column-wrapper fusion-column-has-shadow fusion-flex-justify-content-flex-start fusion-content-layout-column\"><div class=\"fusion-text fusion-text-1\"><h1 class=\"entry-title fusion-post-title\" style=\"text-align: center;\">H\u00e4ufig gestellte Fragen<\/h1>\n<\/div><div class=\"fusion-separator fusion-full-width-sep\" style=\"align-self: center;margin-left: auto;margin-right: auto;margin-top:80px;width:100%;\"><\/div><div class=\"fusion-text fusion-text-2\"><p style=\"text-align: center;\">Es gibt viele Fragen, die wir in unseren 10 Jahren unseres Bestehens erhalten haben. Auf diesen Seiten wollten wir Antworten auf die am h\u00e4ufigsten gestellten Fragen geben. Wenn Sie Fragen haben, finden Sie die Antwort unten. Wenn Sie die Antwort auf eine Frage wissen m\u00f6chten, die hier nicht zu finden ist, kontaktieren Sie uns bitte und wir werden alles in unserer Macht stehende tun, um Ihnen zu helfen. F\u00fcr alle Fragen k\u00f6nnen Sie verwenden <a title=\"Kontaktiere uns\" href=\"https:\/\/www.kolibica.com\/de\/contact\/\">Kontakt Formular<\/a>, oder Sie erreichen uns telefonisch: <a href=\"tel:+381643970387\">+38164\/397-0387<\/a>.<\/p>\n<\/div><div class=\"fusion-separator fusion-full-width-sep\" style=\"align-self: center;margin-left: auto;margin-right: auto;margin-top:60px;width:100%;\"><\/div><\/div><\/div><\/div><\/div><div class=\"fusion-fullwidth fullwidth-box fusion-builder-row-2 fusion-flex-container has-pattern-background has-mask-background nonhundred-percent-fullwidth non-hundred-percent-height-scrolling\" style=\"--awb-border-radius-top-left:0px;--awb-border-radius-top-right:0px;--awb-border-radius-bottom-right:0px;--awb-border-radius-bottom-left:0px;--awb-flex-wrap:wrap;\" ><div class=\"fusion-builder-row fusion-row fusion-flex-align-items-flex-start fusion-flex-content-wrap\" style=\"max-width:1248px;margin-left: calc(-4% \/ 2 );margin-right: calc(-4% \/ 2 );\"><div class=\"fusion-layout-column fusion_builder_column fusion-builder-column-1 fusion_builder_column_1_1 1_1 fusion-flex-column\" style=\"--awb-bg-size:cover;--awb-width-large:100%;--awb-margin-top-large:0px;--awb-spacing-right-large:1.92%;--awb-margin-bottom-large:20px;--awb-spacing-left-large:1.92%;--awb-width-medium:100%;--awb-order-medium:0;--awb-spacing-right-medium:1.92%;--awb-spacing-left-medium:1.92%;--awb-width-small:100%;--awb-order-small:0;--awb-spacing-right-small:1.92%;--awb-spacing-left-small:1.92%;\"><div class=\"fusion-column-wrapper fusion-column-has-shadow fusion-flex-justify-content-flex-start fusion-content-layout-column\"><div class=\"fusion-text fusion-text-3\"><h2>Fragen und Antworten:<\/h2>\n<\/div><div class=\"accordian fusion-accordian\" style=\"--awb-border-size:1px;--awb-icon-size:16px;--awb-content-font-size:var(--awb-typography4-font-size);--awb-icon-alignment:left;--awb-hover-color:var(--awb-color2);--awb-border-color:var(--awb-color3);--awb-background-color:var(--awb-color1);--awb-divider-color:var(--awb-color3);--awb-divider-hover-color:var(--awb-color3);--awb-icon-color:var(--awb-color1);--awb-title-color:var(--awb-color8);--awb-content-color:var(--awb-color8);--awb-icon-box-color:var(--awb-color8);--awb-toggle-hover-accent-color:var(--awb-color5);--awb-title-font-family:var(--awb-typography1-font-family);--awb-title-font-weight:var(--awb-typography1-font-weight);--awb-title-font-style:var(--awb-typography1-font-style);--awb-title-font-size:24px;--awb-content-font-family:var(--awb-typography4-font-family);--awb-content-font-weight:var(--awb-typography4-font-weight);--awb-content-font-style:var(--awb-typography4-font-style);\"><div class=\"panel-group fusion-toggle-icon-boxed\" id=\"accordion-82633-1\"><div class=\"fusion-panel panel-default panel-e9c110fcabc820d7a fusion-toggle-has-divider\" style=\"--awb-title-color:var(--awb-color8);--awb-content-color:var(--awb-color8);\"><div class=\"panel-heading\"><h4 class=\"panel-title toggle\" id=\"toggle_e9c110fcabc820d7a\"><a aria-expanded=\"false\" aria-controls=\"e9c110fcabc820d7a\" role=\"button\" data-toggle=\"collapse\" data-parent=\"#accordion-82633-1\" data-target=\"#e9c110fcabc820d7a\" href=\"#e9c110fcabc820d7a\"><span class=\"fusion-toggle-icon-wrapper\" aria-hidden=\"true\"><i class=\"fa-fusion-box active-icon fa-angle-double-up fas\" aria-hidden=\"true\"><\/i><i class=\"fa-fusion-box inactive-icon fa-angle-double-down fas\" aria-hidden=\"true\"><\/i><\/span><span class=\"fusion-toggle-heading\">Haben Sie einen gedruckten Katalog?<\/span><\/a><\/h4><\/div><div id=\"e9c110fcabc820d7a\" class=\"panel-collapse collapse \" aria-labelledby=\"toggle_e9c110fcabc820d7a\"><div class=\"panel-body toggle-content fusion-clearfix\">Grunds\u00e4tzlich nein, wir drucken keine Kataloge. Wir haben in den letzten drei Jahren festgestellt, dass ein gedruckter Katalog nicht die effizienteste Art ist, unser breites Produktsortiment zu pr\u00e4sentieren, zumal wir unser Sortiment regelm\u00e4\u00dfig um neue Produkte erweitern. Der beste Katalog ist unsere Website \u2013 sie ist sehr detailliert und wird st\u00e4ndig aktualisiert, sodass Sie immer \u00fcber neue Produkte und Preise auf dem Laufenden sind. Kataloge, Brosch\u00fcren und Flyer drucken wir nur f\u00fcr einige Produkte.<\/div><\/div><\/div><div class=\"fusion-panel panel-default panel-111633e72a8a787ae fusion-toggle-has-divider\" style=\"--awb-title-color:var(--awb-color8);--awb-content-color:var(--awb-color8);\"><div class=\"panel-heading\"><h4 class=\"panel-title toggle\" id=\"toggle_111633e72a8a787ae\"><a aria-expanded=\"false\" aria-controls=\"111633e72a8a787ae\" role=\"button\" data-toggle=\"collapse\" data-parent=\"#accordion-82633-1\" data-target=\"#111633e72a8a787ae\" href=\"#111633e72a8a787ae\"><span class=\"fusion-toggle-icon-wrapper\" aria-hidden=\"true\"><i class=\"fa-fusion-box active-icon fa-angle-double-up fas\" aria-hidden=\"true\"><\/i><i class=\"fa-fusion-box inactive-icon fa-angle-double-down fas\" aria-hidden=\"true\"><\/i><\/span><span class=\"fusion-toggle-heading\">Sind die Preise mit Mehrwertsteuer aufgef\u00fchrt?<\/span><\/a><\/h4><\/div><div id=\"111633e72a8a787ae\" class=\"panel-collapse collapse \" aria-labelledby=\"toggle_111633e72a8a787ae\"><div class=\"panel-body toggle-content fusion-clearfix\">\n<p>Nicht. Die Mehrwertsteuer ist in den auf der Website aufgef\u00fchrten Preisen nicht enthalten.<\/p>\n<\/div><\/div><\/div><div class=\"fusion-panel panel-default panel-81f2bfd6ad89b9f3e fusion-toggle-has-divider\" style=\"--awb-title-color:var(--awb-color8);--awb-content-color:var(--awb-color8);\"><div class=\"panel-heading\"><h4 class=\"panel-title toggle\" id=\"toggle_81f2bfd6ad89b9f3e\"><a aria-expanded=\"false\" aria-controls=\"81f2bfd6ad89b9f3e\" role=\"button\" data-toggle=\"collapse\" data-parent=\"#accordion-82633-1\" data-target=\"#81f2bfd6ad89b9f3e\" href=\"#81f2bfd6ad89b9f3e\"><span class=\"fusion-toggle-icon-wrapper\" aria-hidden=\"true\"><i class=\"fa-fusion-box active-icon fa-angle-double-up fas\" aria-hidden=\"true\"><\/i><i class=\"fa-fusion-box inactive-icon fa-angle-double-down fas\" aria-hidden=\"true\"><\/i><\/span><span class=\"fusion-toggle-heading\">Haben Sie H\u00e4ndler in meiner N\u00e4he?<\/span><\/a><\/h4><\/div><div id=\"81f2bfd6ad89b9f3e\" class=\"panel-collapse collapse \" aria-labelledby=\"toggle_81f2bfd6ad89b9f3e\"><div class=\"panel-body toggle-content fusion-clearfix\">\n<p>Das Gesch\u00e4ft von Kolibica basiert auf dem direkten Kontakt mit den Kunden. Auf diese Weise werden unn\u00f6tige Margen durch Gro\u00df- und Einzelhandelsverk\u00e4ufe vermieden, sodass Kolibica keine lokalen Vertriebsh\u00e4ndler hat. Im direkten Kundenkontakt k\u00f6nnen wir Markttrends besser beobachten und schneller auf auftretende Ver\u00e4nderungen reagieren, wodurch die Auftragsbearbeitungszeit deutlich verk\u00fcrzt wird.<\/p>\n<\/div><\/div><\/div><div class=\"fusion-panel panel-default panel-b2a998b926fb09221 fusion-toggle-has-divider\" style=\"--awb-title-color:var(--awb-color8);--awb-content-color:var(--awb-color8);\"><div class=\"panel-heading\"><h4 class=\"panel-title toggle\" id=\"toggle_b2a998b926fb09221\"><a aria-expanded=\"false\" aria-controls=\"b2a998b926fb09221\" role=\"button\" data-toggle=\"collapse\" data-parent=\"#accordion-82633-1\" data-target=\"#b2a998b926fb09221\" href=\"#b2a998b926fb09221\"><span class=\"fusion-toggle-icon-wrapper\" aria-hidden=\"true\"><i class=\"fa-fusion-box active-icon fa-angle-double-up fas\" aria-hidden=\"true\"><\/i><i class=\"fa-fusion-box inactive-icon fa-angle-double-down fas\" aria-hidden=\"true\"><\/i><\/span><span class=\"fusion-toggle-heading\">Ist es m\u00f6glich, die Farbe des Produkts zu w\u00e4hlen?<\/span><\/a><\/h4><\/div><div id=\"b2a998b926fb09221\" class=\"panel-collapse collapse \" aria-labelledby=\"toggle_b2a998b926fb09221\"><div class=\"panel-body toggle-content fusion-clearfix\">\n<p>Ja. Da Kolibica f\u00fcr namhafte Kunden produziert, werden alle Produkte in der Serienproduktion in der vom Kunden gew\u00e4hlten Farbe lackiert.<\/p>\n<\/div><\/div><\/div><div class=\"fusion-panel panel-default panel-be9782d66292df90f fusion-toggle-has-divider\" style=\"--awb-title-color:var(--awb-color8);--awb-content-color:var(--awb-color8);\"><div class=\"panel-heading\"><h4 class=\"panel-title toggle\" id=\"toggle_be9782d66292df90f\"><a aria-expanded=\"false\" aria-controls=\"be9782d66292df90f\" role=\"button\" data-toggle=\"collapse\" data-parent=\"#accordion-82633-1\" data-target=\"#be9782d66292df90f\" href=\"#be9782d66292df90f\"><span class=\"fusion-toggle-icon-wrapper\" aria-hidden=\"true\"><i class=\"fa-fusion-box active-icon fa-angle-double-up fas\" aria-hidden=\"true\"><\/i><i class=\"fa-fusion-box inactive-icon fa-angle-double-down fas\" aria-hidden=\"true\"><\/i><\/span><span class=\"fusion-toggle-heading\">Liefern Sie Produkte an die Adresse des Kunden?<\/span><\/a><\/h4><\/div><div id=\"be9782d66292df90f\" class=\"panel-collapse collapse \" aria-labelledby=\"toggle_be9782d66292df90f\"><div class=\"panel-body toggle-content fusion-clearfix\">\n<p>Ja. Die Produkte werden per Kurierdienst an die Adresse des Kunden in Serbien geliefert, wenn es sich um kleinere Mengen handelt, oder Kolibica organisiert den Transport der Ware an die Adresse des Kunden. Wenn der K\u00e4ufer aus dem Ausland kommt, erfolgt der Transport durch Transportunternehmen, mit denen wir zusammenarbeiten, und es besteht auch die M\u00f6glichkeit, dass der K\u00e4ufer den Transport der Ware selbst organisiert.<\/p>\n<\/div><\/div><\/div><div class=\"fusion-panel panel-default panel-386ad748509d5e071 fusion-toggle-has-divider\" style=\"--awb-title-color:var(--awb-color8);--awb-content-color:var(--awb-color8);\"><div class=\"panel-heading\"><h4 class=\"panel-title toggle\" id=\"toggle_386ad748509d5e071\"><a aria-expanded=\"false\" aria-controls=\"386ad748509d5e071\" role=\"button\" data-toggle=\"collapse\" data-parent=\"#accordion-82633-1\" data-target=\"#386ad748509d5e071\" href=\"#386ad748509d5e071\"><span class=\"fusion-toggle-icon-wrapper\" aria-hidden=\"true\"><i class=\"fa-fusion-box active-icon fa-angle-double-up fas\" aria-hidden=\"true\"><\/i><i class=\"fa-fusion-box inactive-icon fa-angle-double-down fas\" aria-hidden=\"true\"><\/i><\/span><span class=\"fusion-toggle-heading\">K\u00f6nnen \u00c4nderungen am Holzhausprojekt vorgenommen werden?<\/span><\/a><\/h4><\/div><div id=\"386ad748509d5e071\" class=\"panel-collapse collapse \" aria-labelledby=\"toggle_386ad748509d5e071\"><div class=\"panel-body toggle-content fusion-clearfix\">Ja. Die im Katalog der Holzh\u00e4user gefundenen Projekte sind ver\u00e4nderbar und k\u00f6nnen an die W\u00fcnsche der Kunden angepasst werden. Jedes Haus ist eine Geschichte f\u00fcr sich und muss an die Bed\u00fcrfnisse der Menschen angepasst werden, die darin leben werden.<\/div><\/div><\/div><div class=\"fusion-panel panel-default panel-a994689f1ec55db67 fusion-toggle-has-divider\" style=\"--awb-title-color:var(--awb-color8);--awb-content-color:var(--awb-color8);\"><div class=\"panel-heading\"><h4 class=\"panel-title toggle\" id=\"toggle_a994689f1ec55db67\"><a aria-expanded=\"false\" aria-controls=\"a994689f1ec55db67\" role=\"button\" data-toggle=\"collapse\" data-parent=\"#accordion-82633-1\" data-target=\"#a994689f1ec55db67\" href=\"#a994689f1ec55db67\"><span class=\"fusion-toggle-icon-wrapper\" aria-hidden=\"true\"><i class=\"fa-fusion-box active-icon fa-angle-double-up fas\" aria-hidden=\"true\"><\/i><i class=\"fa-fusion-box inactive-icon fa-angle-double-down fas\" aria-hidden=\"true\"><\/i><\/span><span class=\"fusion-toggle-heading\">Was kostet ein Holzhaus pro Quadratmeter?<\/span><\/a><\/h4><\/div><div id=\"a994689f1ec55db67\" class=\"panel-collapse collapse \" aria-labelledby=\"toggle_a994689f1ec55db67\"><div class=\"panel-body toggle-content fusion-clearfix\">\n<p>Der Preis des Hauses wird festgelegt, wenn das Bauvorhaben abgeschlossen ist. Wenn das Projekt gem\u00e4\u00df den W\u00fcnschen des Kunden fertiggestellt ist, wird der Preis des Holzhauses berechnet, der normalerweise zwischen 250 und 450 Euro pro m<sup>2<\/sup> liegt.<\/p>\n<\/div><\/div><\/div><\/div><\/div><\/div><\/div><\/div><\/div><\/p>\n","protected":false},"excerpt":{"rendered":"","protected":false},"author":1,"featured_media":0,"parent":0,"menu_order":0,"comment_status":"closed","ping_status":"closed","template":"","meta":{"content-type":"","footnotes":""},"class_list":["post-82633","page","type-page","status-publish","hentry"],"aioseo_notices":[],"_links":{"self":[{"href":"https:\/\/www.kolibica.com\/de\/wp-json\/wp\/v2\/pages\/82633","targetHints":{"allow":["GET"]}}],"collection":[{"href":"https:\/\/www.kolibica.com\/de\/wp-json\/wp\/v2\/pages"}],"about":[{"href":"https:\/\/www.kolibica.com\/de\/wp-json\/wp\/v2\/types\/page"}],"author":[{"embeddable":true,"href":"https:\/\/www.kolibica.com\/de\/wp-json\/wp\/v2\/users\/1"}],"replies":[{"embeddable":true,"href":"https:\/\/www.kolibica.com\/de\/wp-json\/wp\/v2\/comments?post=82633"}],"version-history":[{"count":0,"href":"https:\/\/www.kolibica.com\/de\/wp-json\/wp\/v2\/pages\/82633\/revisions"}],"wp:attachment":[{"href":"https:\/\/www.kolibica.com\/de\/wp-json\/wp\/v2\/media?parent=82633"}],"curies":[{"name":"wp","href":"https:\/\/api.w.org\/{rel}","templated":true}]}}